{"id":145,"date":"2017-07-18T11:13:08","date_gmt":"2017-07-18T08:13:08","guid":{"rendered":"http:\/\/new.ecopal.fi\/?page_id=145"},"modified":"2017-07-18T11:13:08","modified_gmt":"2017-07-18T08:13:08","slug":"energiapaalut","status":"publish","type":"page","link":"https:\/\/old.ecopal.fi\/en\/energiapaalut\/","title":{"rendered":"Energiapaalut ja CoolBox"},"content":{"rendered":"<h1 style=\"text-align: center;\">L\u00e4mp\u00f6\u00e4 ja viilennyst\u00e4 energiapaaluilla ja Coolbox ohjauksella<\/h1>\n<p><img loading=\"lazy\" class=\"aligncenter wp-image-228 size-full\" src=\"http:\/\/www.ecopal.fi\/wp-content\/uploads\/2017\/05\/coolbox_wire_ud.png\" alt=\"\" width=\"800\" height=\"408\" \/><\/p>\n<p>Uusien kiinteist\u00f6jen rakentaminen edellytt\u00e4\u00e4 nyky\u00e4\u00e4n usein paaluperustuksia. Energiapaalu on paaluperustuksiin sijoitettava energiaker\u00e4in, jolla voidaan maahan varastoitunutta energiaa hy\u00f6dynt\u00e4\u00e4 l\u00e4mmityskaudella l\u00e4mmityksess\u00e4 ja j\u00e4\u00e4hdytyskaudella viilennyksess\u00e4 Coolbox ohjauksen avulla. Energiapaalut ovat my\u00f6s hyv\u00e4 lis\u00e4ratkaisu\u00a0mik\u00e4li tontille on haastavaa saada riitt\u00e4v\u00e4sti perinteisi\u00e4 maal\u00e4mp\u00f6kaivoja.<\/p>\n<p>Energiapaalut ja Coolbox ohjauksen saat Ecopalin kautta.\u00a0Tutustu my\u00f6s muihin Ecopalin edustamiin tuotteisiin ja palveluihin osoitteessa\u00a0<a href=\"http:\/\/www.ecopal.fi\/\">www.ecopal.fi<\/a>.<\/p>\n<hr \/>\n","protected":false},"excerpt":{"rendered":"<p>L\u00e4mp\u00f6\u00e4 ja viilennyst\u00e4 energiapaaluilla ja Coolbox ohjauksella Uusien kiinteist\u00f6jen rakentaminen edellytt\u00e4\u00e4 nyky\u00e4\u00e4n usein paaluperustuksia. Energiapaalu on paaluperustuksiin sijoitettava energiaker\u00e4in, jolla voidaan maahan varastoitunutta energiaa hy\u00f6dynt\u00e4\u00e4 l\u00e4mmityskaudella l\u00e4mmityksess\u00e4 ja j\u00e4\u00e4hdytyskaudella viilennyksess\u00e4 Coolbox ohjauksen avulla. Energiapaalut ovat my\u00f6s hyv\u00e4 lis\u00e4ratkaisu\u00a0mik\u00e4li tontille on haastavaa saada riitt\u00e4v\u00e4sti perinteisi\u00e4 maal\u00e4mp\u00f6kaivoja. Energiapaalut ja Coolbox ohjauksen saat &hellip;<\/p>\n","protected":false},"author":1,"featured_media":0,"parent":0,"menu_order":0,"comment_status":"closed","ping_status":"closed","template":"","meta":[],"translation":{"provider":"WPGlobus","version":"2.6.0","language":"en","enabled_languages":["fi","en"],"languages":{"fi":{"title":true,"content":true,"excerpt":false},"en":{"title":false,"content":false,"excerpt":false}}},"_links":{"self":[{"href":"https:\/\/old.ecopal.fi\/en\/wp-json\/wp\/v2\/pages\/145"}],"collection":[{"href":"https:\/\/old.ecopal.fi\/en\/wp-json\/wp\/v2\/pages"}],"about":[{"href":"https:\/\/old.ecopal.fi\/en\/wp-json\/wp\/v2\/types\/page"}],"author":[{"embeddable":true,"href":"https:\/\/old.ecopal.fi\/en\/wp-json\/wp\/v2\/users\/1"}],"replies":[{"embeddable":true,"href":"https:\/\/old.ecopal.fi\/en\/wp-json\/wp\/v2\/comments?post=145"}],"version-history":[{"count":1,"href":"https:\/\/old.ecopal.fi\/en\/wp-json\/wp\/v2\/pages\/145\/revisions"}],"predecessor-version":[{"id":146,"href":"https:\/\/old.ecopal.fi\/en\/wp-json\/wp\/v2\/pages\/145\/revisions\/146"}],"wp:attachment":[{"href":"https:\/\/old.ecopal.fi\/en\/wp-json\/wp\/v2\/media?parent=145"}],"curies":[{"name":"wp","href":"https:\/\/api.w.org\/{rel}","templated":true}]}}