{"id":3001,"date":"2019-11-11T13:58:33","date_gmt":"2019-11-11T11:58:33","guid":{"rendered":"https:\/\/www.ecopal.fi\/?page_id=3001"},"modified":"2020-10-06T13:33:27","modified_gmt":"2020-10-06T10:33:27","slug":"tuotteet","status":"publish","type":"page","link":"https:\/\/old.ecopal.fi\/en\/tuotteet\/","title":{"rendered":"Tuotteet"},"content":{"rendered":"<h2 style=\"text-align: center;\">TUOTTEET<\/h2>\n<hr \/>\n<p><img loading=\"lazy\" class=\"alignleft wp-image-6490\" src=\"https:\/\/www.ecopal.fi\/wp-content\/uploads\/2020\/03\/web_fp_ecowec-300x194.png\" alt=\"\" width=\"400\" height=\"259\" srcset=\"https:\/\/old.ecopal.fi\/wp-content\/uploads\/2020\/03\/web_fp_ecowec-300x194.png 300w, https:\/\/old.ecopal.fi\/wp-content\/uploads\/2020\/03\/web_fp_ecowec-768x497.png 768w, https:\/\/old.ecopal.fi\/wp-content\/uploads\/2020\/03\/web_fp_ecowec-309x200.png 309w, https:\/\/old.ecopal.fi\/wp-content\/uploads\/2020\/03\/web_fp_ecowec-600x388.png 600w, https:\/\/old.ecopal.fi\/wp-content\/uploads\/2020\/03\/web_fp_ecowec.png 780w\" sizes=\"(max-width: 400px) 100vw, 400px\" \/><\/p>\n<p style=\"text-align: left;\">Ecowec on markkinoiden monipuolisin hybridivaihdin. Se kierr\u00e4tt\u00e4\u00e4 l\u00e4mm\u00f6n talteen j\u00e4tevedest\u00e4, wc-vesist\u00e4, pesuvesist\u00e4, poistoilmasta, lauhdel\u00e4mm\u00f6st\u00e4, h\u00f6yryist\u00e4, j\u00e4rvi- ja merivedest\u00e4 sek\u00e4 auringosta. Se soveltuu isoihin asuinkiinteist\u00f6ihin, hotelleihin, uimahalleihin, kylpyl\u00f6ihin, pesuloihin sek\u00e4 teollisuuden prosesseihin.<\/p>\n<p><a href=\"https:\/\/www.ecopal.fi\/jateveden-lammon-talteenotto\/\">Tutustu j\u00e4teveden l\u00e4mm\u00f6ntalteenottoon kiinteist\u00f6iss\u00e4.<\/a><\/p>\n<p><a href=\"https:\/\/www.ecopal.fi\/ecowec\/\">Tutustu Ecowec-hybridivaihtimeen.<\/a><\/p>\n<p><a href=\"http:\/\/www.ecopal.fi\/tuote-osasto\/tuotteet\/\">Ecowec-hybridivaihtimien hinnasto.<\/a><\/p>\n<hr \/>\n<p><img loading=\"lazy\" class=\"alignleft wp-image-6488\" src=\"https:\/\/www.ecopal.fi\/wp-content\/uploads\/2020\/03\/web_fp_ecohybridi.png\" alt=\"\" width=\"400\" height=\"259\" srcset=\"https:\/\/old.ecopal.fi\/wp-content\/uploads\/2020\/03\/web_fp_ecohybridi.png 780w, https:\/\/old.ecopal.fi\/wp-content\/uploads\/2020\/03\/web_fp_ecohybridi-300x194.png 300w, https:\/\/old.ecopal.fi\/wp-content\/uploads\/2020\/03\/web_fp_ecohybridi-768x497.png 768w, https:\/\/old.ecopal.fi\/wp-content\/uploads\/2020\/03\/web_fp_ecohybridi-309x200.png 309w, https:\/\/old.ecopal.fi\/wp-content\/uploads\/2020\/03\/web_fp_ecohybridi-600x388.png 600w\" sizes=\"(max-width: 400px) 100vw, 400px\" \/><\/p>\n<p>Ecohybridi-j\u00e4rjestelm\u00e4 on laitepaketti, joka sis\u00e4lt\u00e4\u00e4 Ecowec-hybridivaihtimen ja sen ymp\u00e4rille valittuja muita l\u00e4mm\u00f6nvaihtimia sek\u00e4 l\u00e4mp\u00f6pumpun. Ecohybridi-j\u00e4rjestelm\u00e4ll\u00e4 kiinteist\u00f6jen l\u00e4mmityskuluja voidaan leikata jopa 70%. J\u00e4rjestelm\u00e4 sopii kiinteist\u00f6n ja k\u00e4ytt\u00f6veden l\u00e4mmitykseen, sek\u00e4 kiinteist\u00f6n viilennykseen.<\/p>\n<p><a href=\"https:\/\/www.ecopal.fi\/ecohybridi\/\">Tutustu Ecohybridi-j\u00e4rjestelm\u00e4\u00e4n.<\/a><\/p>\n<p><a href=\"https:\/\/www.ecopal.fi\/hybridijarjestelma\/\">Lue lis\u00e4\u00e4 hybridij\u00e4rjestelmist\u00e4.<\/a><\/p>\n<p><a href=\"https:\/\/www.ecopal.fi\/yritys\/\">Ota yhteytt\u00e4 myyntiimme ja kysy lis\u00e4tietoja!<\/a><\/p>\n<hr \/>\n<p>\u00a0<\/p>\n\n\n<p><\/p>\n","protected":false},"excerpt":{"rendered":"<p>TUOTTEET Ecowec on markkinoiden monipuolisin hybridivaihdin. Se kierr\u00e4tt\u00e4\u00e4 l\u00e4mm\u00f6n talteen j\u00e4tevedest\u00e4, wc-vesist\u00e4, pesuvesist\u00e4, poistoilmasta, lauhdel\u00e4mm\u00f6st\u00e4, h\u00f6yryist\u00e4, j\u00e4rvi- ja merivedest\u00e4 sek\u00e4 auringosta. Se soveltuu isoihin asuinkiinteist\u00f6ihin, hotelleihin, uimahalleihin, kylpyl\u00f6ihin, pesuloihin sek\u00e4 teollisuuden prosesseihin. Tutustu j\u00e4teveden l\u00e4mm\u00f6ntalteenottoon kiinteist\u00f6iss\u00e4. Tutustu Ecowec-hybridivaihtimeen. Ecowec-hybridivaihtimien hinnasto. Ecohybridi-j\u00e4rjestelm\u00e4 on laitepaketti, joka sis\u00e4lt\u00e4\u00e4 Ecowec-hybridivaihtimen ja sen ymp\u00e4rille valittuja &hellip;<\/p>\n","protected":false},"author":1,"featured_media":0,"parent":0,"menu_order":0,"comment_status":"closed","ping_status":"closed","template":"","meta":[],"translation":{"provider":"WPGlobus","version":"2.6.0","language":"en","enabled_languages":["fi","en"],"languages":{"fi":{"title":true,"content":true,"excerpt":false},"en":{"title":false,"content":false,"excerpt":false}}},"_links":{"self":[{"href":"https:\/\/old.ecopal.fi\/en\/wp-json\/wp\/v2\/pages\/3001"}],"collection":[{"href":"https:\/\/old.ecopal.fi\/en\/wp-json\/wp\/v2\/pages"}],"about":[{"href":"https:\/\/old.ecopal.fi\/en\/wp-json\/wp\/v2\/types\/page"}],"author":[{"embeddable":true,"href":"https:\/\/old.ecopal.fi\/en\/wp-json\/wp\/v2\/users\/1"}],"replies":[{"embeddable":true,"href":"https:\/\/old.ecopal.fi\/en\/wp-json\/wp\/v2\/comments?post=3001"}],"version-history":[{"count":29,"href":"https:\/\/old.ecopal.fi\/en\/wp-json\/wp\/v2\/pages\/3001\/revisions"}],"predecessor-version":[{"id":6582,"href":"https:\/\/old.ecopal.fi\/en\/wp-json\/wp\/v2\/pages\/3001\/revisions\/6582"}],"wp:attachment":[{"href":"https:\/\/old.ecopal.fi\/en\/wp-json\/wp\/v2\/media?parent=3001"}],"curies":[{"name":"wp","href":"https:\/\/api.w.org\/{rel}","templated":true}]}}