{"id":506,"date":"2017-09-17T20:45:52","date_gmt":"2017-09-17T17:45:52","guid":{"rendered":"http:\/\/www.ecopal.fi\/?page_id=506"},"modified":"2022-01-24T13:17:32","modified_gmt":"2022-01-24T11:17:32","slug":"ecohybridi","status":"publish","type":"page","link":"https:\/\/old.ecopal.fi\/en\/ecohybridi\/","title":{"rendered":"Ecohybridi"},"content":{"rendered":"<p><img loading=\"lazy\" class=\"aligncenter size-full wp-image-6488\" src=\"https:\/\/www.ecopal.fi\/wp-content\/uploads\/2020\/03\/web_fp_ecohybridi.png\" alt=\"\" width=\"780\" height=\"505\" srcset=\"https:\/\/old.ecopal.fi\/wp-content\/uploads\/2020\/03\/web_fp_ecohybridi.png 780w, https:\/\/old.ecopal.fi\/wp-content\/uploads\/2020\/03\/web_fp_ecohybridi-300x194.png 300w, https:\/\/old.ecopal.fi\/wp-content\/uploads\/2020\/03\/web_fp_ecohybridi-768x497.png 768w, https:\/\/old.ecopal.fi\/wp-content\/uploads\/2020\/03\/web_fp_ecohybridi-309x200.png 309w, https:\/\/old.ecopal.fi\/wp-content\/uploads\/2020\/03\/web_fp_ecohybridi-600x388.png 600w\" sizes=\"(max-width: 780px) 100vw, 780px\" \/><\/p>\n<p style=\"text-align: left;\"><span style=\"font-size: inherit; text-indent: 0em;\">Ecohybridi on j\u00e4rjestelm\u00e4, joka sis\u00e4lt\u00e4\u00e4 Ecowec-hybridivaihtimen ja sen ymp\u00e4rille valittuja muita l\u00e4mm\u00f6nvaihtimia (poistoilma, geoenergia, aurinko) sek\u00e4 l\u00e4mp\u00f6pumpun. Ecohybridi-j\u00e4rjestelm\u00e4ll\u00e4 kiinteist\u00f6jen l\u00e4mmityskuluja voidaan leikata jopa 70%. J\u00e4rjestelm\u00e4 sopii kiinteist\u00f6n ja k\u00e4ytt\u00f6veden l\u00e4mmitykseen, sek\u00e4 kiinteist\u00f6n viilennykseen.\u00a0<\/span><\/p>\n<div class=\"row\">\n<div class=\"col-md-1\"><\/div>\n<\/div>\n<hr \/>\n<h3><img loading=\"lazy\" class=\"alignnone wp-image-338\" src=\"http:\/\/new.ecopal.fi\/wp-content\/uploads\/2017\/07\/icon_water-1-150x150.png\" alt=\"\" width=\"50\" height=\"50\" srcset=\"https:\/\/old.ecopal.fi\/wp-content\/uploads\/2017\/07\/icon_water-1-150x150.png 150w, https:\/\/old.ecopal.fi\/wp-content\/uploads\/2017\/07\/icon_water-1-100x100.png 100w, https:\/\/old.ecopal.fi\/wp-content\/uploads\/2017\/07\/icon_water-1.png 200w\" sizes=\"(max-width: 50px) 100vw, 50px\" \/>\u00a0J\u00e4teveden l\u00e4mm\u00f6ntalteenotto<\/h3>\n<div class=\"row\">\n<div class=\"col-md-4\"><img loading=\"lazy\" class=\"aligncenter  wp-image-6490\" src=\"https:\/\/www.ecopal.fi\/wp-content\/uploads\/2020\/03\/web_fp_ecowec.png\" alt=\"\" width=\"340\" height=\"220\" srcset=\"https:\/\/old.ecopal.fi\/wp-content\/uploads\/2020\/03\/web_fp_ecowec.png 780w, https:\/\/old.ecopal.fi\/wp-content\/uploads\/2020\/03\/web_fp_ecowec-300x194.png 300w, https:\/\/old.ecopal.fi\/wp-content\/uploads\/2020\/03\/web_fp_ecowec-768x497.png 768w, https:\/\/old.ecopal.fi\/wp-content\/uploads\/2020\/03\/web_fp_ecowec-309x200.png 309w, https:\/\/old.ecopal.fi\/wp-content\/uploads\/2020\/03\/web_fp_ecowec-600x388.png 600w\" sizes=\"(max-width: 340px) 100vw, 340px\" \/><\/div>\n<div class=\"col-md-8\">Kiinteist\u00f6jen j\u00e4teveden mukana hukataan viem\u00e4riin huomattavia m\u00e4\u00e4ri\u00e4 l\u00e4mp\u00f6energiaa. T\u00e4m\u00e4 hukkal\u00e4mp\u00f6 voidaan kierr\u00e4tt\u00e4\u00e4 takaisin uuden k\u00e4ytt\u00f6veden ja kiinteist\u00f6n l\u00e4mmitykseen, sek\u00e4 erilaisten l\u00e4mp\u00f6pumppuj\u00e4rjestelmien hy\u00f6tysuhteen tehostamiseen. Ecowec-hybridivaihdin soveltuu viem\u00e4rivesien lis\u00e4ksi l\u00e4mm\u00f6n talteenottoon auringosta, poistoilmasta, h\u00f6yryist\u00e4 sek\u00e4 lauhteista.<\/p>\n<p>Tutustu paremmin suomalaiseen Ecowec j\u00e4teveden l\u00e4mm\u00f6ntalteenottovaihtimeen <a href=\"http:\/\/www.ecowec.fi\" target=\"_blank\" rel=\"noopener\">tuotteen omalla sivulla<\/a>.<\/p>\n<\/div>\n<\/div>\n<hr \/>\n<p><a name=\"maa\"><\/a><\/p>\n<h3><img loading=\"lazy\" class=\"alignnone wp-image-333\" src=\"http:\/\/new.ecopal.fi\/wp-content\/uploads\/2017\/07\/icon_geotherm-1-150x150.png\" alt=\"\" width=\"50\" height=\"50\" srcset=\"https:\/\/old.ecopal.fi\/wp-content\/uploads\/2017\/07\/icon_geotherm-1-150x150.png 150w, https:\/\/old.ecopal.fi\/wp-content\/uploads\/2017\/07\/icon_geotherm-1-100x100.png 100w, https:\/\/old.ecopal.fi\/wp-content\/uploads\/2017\/07\/icon_geotherm-1.png 200w\" sizes=\"(max-width: 50px) 100vw, 50px\" \/>\u00a0Energiapaalut ja maal\u00e4mp\u00f6kaivot<\/h3>\n<div class=\"row\">\n<div class=\"col-md-4\"><img loading=\"lazy\" class=\"aligncenter wp-image-6426 size-medium\" src=\"https:\/\/www.ecopal.fi\/wp-content\/uploads\/2020\/03\/energiapaalu_3d-115x300.png\" alt=\"\" width=\"115\" height=\"300\" srcset=\"https:\/\/old.ecopal.fi\/wp-content\/uploads\/2020\/03\/energiapaalu_3d-115x300.png 115w, https:\/\/old.ecopal.fi\/wp-content\/uploads\/2020\/03\/energiapaalu_3d-77x200.png 77w, https:\/\/old.ecopal.fi\/wp-content\/uploads\/2020\/03\/energiapaalu_3d.png 177w\" sizes=\"(max-width: 115px) 100vw, 115px\" \/><\/div>\n<div class=\"col-md-8\">Energiapaalu on paaluperustuksiin sijoitettava energiaker\u00e4in, jolla voidaan maahan varastoitunutta uusiutuvaa energiaa hy\u00f6dynt\u00e4\u00e4 l\u00e4mmityskaudella l\u00e4mmityksess\u00e4 ja j\u00e4\u00e4hdytyskaudella viilennyksess\u00e4. Energiapaalut ovat my\u00f6s hyv\u00e4 lis\u00e4ratkaisu\u00a0mik\u00e4li tontille on haastavaa saada riitt\u00e4v\u00e4sti perinteisi\u00e4 maal\u00e4mp\u00f6kaivoja.<\/p>\n<p>Lis\u00e4tietoa energiapaaluista osoitteesta <a href=\"https:\/\/energiapaalu.fi\" target=\"_blank\" rel=\"noopener noreferrer\">www.energiapaalu.fi<\/a>.<\/p>\n<\/div>\n<\/div>\n<hr \/>\n<h3><img loading=\"lazy\" class=\"alignnone wp-image-338\" src=\"http:\/\/new.ecopal.fi\/wp-content\/uploads\/2017\/07\/icon_water-1-150x150.png\" alt=\"\" width=\"50\" height=\"50\" srcset=\"https:\/\/old.ecopal.fi\/wp-content\/uploads\/2017\/07\/icon_water-1-150x150.png 150w, https:\/\/old.ecopal.fi\/wp-content\/uploads\/2017\/07\/icon_water-1-100x100.png 100w, https:\/\/old.ecopal.fi\/wp-content\/uploads\/2017\/07\/icon_water-1.png 200w\" sizes=\"(max-width: 50px) 100vw, 50px\" \/>\u00a0Hybridiratkaisut l\u00e4mp\u00f6pumpulla<\/h3>\n<div class=\"row\">\n<div class=\"col-md-4\"><img loading=\"lazy\" class=\"aligncenter wp-image-2357 \" src=\"https:\/\/www.ecopal.fi\/wp-content\/uploads\/2019\/10\/megas_xl_webb-280x300.png\" alt=\"\" width=\"280\" height=\"300\" srcset=\"https:\/\/old.ecopal.fi\/wp-content\/uploads\/2019\/10\/megas_xl_webb-280x300.png 280w, https:\/\/old.ecopal.fi\/wp-content\/uploads\/2019\/10\/megas_xl_webb-187x200.png 187w, https:\/\/old.ecopal.fi\/wp-content\/uploads\/2019\/10\/megas_xl_webb.png 467w\" sizes=\"(max-width: 280px) 100vw, 280px\" \/><\/div>\n<div class=\"col-md-8\">L\u00e4mp\u00f6pumppu on Ecohybridi-j\u00e4rjestelm\u00e4n syd\u00e4n. L\u00e4mm\u00f6nl\u00e4hteen\u00e4 hy\u00f6dynnet\u00e4\u00e4n niin j\u00e4tevett\u00e4, geoenergiaa, poistoilmaa kuin aurinkoa mahdollisuuksien mukaan. Toimitamme oikein mitoitetut l\u00e4mp\u00f6pumput Ecohybridi-j\u00e4rjestelmi\u00e4 varten. Ensisijaisesti luotamme <a href=\"https:\/\/www.thermia.fi\/\" target=\"_blank\" rel=\"noopener noreferrer\">Thermian<\/a> l\u00e4mp\u00f6pumppuihin.<\/div>\n<\/div>\n<hr \/>\n<p><a name=\"viilennys\"><\/a><\/p>\n<div class=\"row\">\n<div class=\"col-md-8\"><\/div>\n<\/div>\n<h3><img loading=\"lazy\" class=\"alignnone wp-image-337\" src=\"http:\/\/new.ecopal.fi\/wp-content\/uploads\/2017\/07\/icon_sun-1-150x150.png\" alt=\"\" width=\"50\" height=\"50\" srcset=\"https:\/\/old.ecopal.fi\/wp-content\/uploads\/2017\/07\/icon_sun-1-150x150.png 150w, https:\/\/old.ecopal.fi\/wp-content\/uploads\/2017\/07\/icon_sun-1-100x100.png 100w, https:\/\/old.ecopal.fi\/wp-content\/uploads\/2017\/07\/icon_sun-1.png 200w\" sizes=\"(max-width: 50px) 100vw, 50px\" \/>\u00a0Auringosta l\u00e4mp\u00f6\u00e4 ja s\u00e4hk\u00f6\u00e4<\/h3>\n<div class=\"row\">\n<div class=\"col-md-4\"><img loading=\"lazy\" class=\"size-medium wp-image-495 aligncenter\" src=\"http:\/\/www.ecopal.fi\/wp-content\/uploads\/2017\/08\/ecomesh-175x300.png\" alt=\"\" width=\"175\" height=\"300\" srcset=\"https:\/\/old.ecopal.fi\/wp-content\/uploads\/2017\/08\/ecomesh-175x300.png 175w, https:\/\/old.ecopal.fi\/wp-content\/uploads\/2017\/08\/ecomesh-116x200.png 116w, https:\/\/old.ecopal.fi\/wp-content\/uploads\/2017\/08\/ecomesh.png 217w\" sizes=\"(max-width: 175px) 100vw, 175px\" \/><\/div>\n<div class=\"col-md-8\">Aurinkopaneelit ja -aurinkoker\u00e4imet toimivat my\u00f6s osana Ecohybridi-j\u00e4rjestelm\u00e4\u00e4. Moderneilla hybridipaneeleilla voidaan tuottaa aurinkos\u00e4hk\u00f6\u00e4 ja aurinkol\u00e4mp\u00f6\u00e4 samanaikaisesti. Kiinteist\u00f6ss\u00e4 jo olevien aurinkoj\u00e4rjestelmien kytkeminen osaksi Ecohybridi-j\u00e4rjestelm\u00e4\u00e4 on helppoa. Kauttamme saat my\u00f6s kohteisiin soveltuvat uudet aurinkoj\u00e4rjestelm\u00e4t.<\/div>\n<\/div>\n<hr \/>\n<h3><img loading=\"lazy\" class=\"alignnone wp-image-333\" src=\"http:\/\/new.ecopal.fi\/wp-content\/uploads\/2017\/07\/icon_geotherm-1-150x150.png\" alt=\"\" width=\"50\" height=\"50\" srcset=\"https:\/\/old.ecopal.fi\/wp-content\/uploads\/2017\/07\/icon_geotherm-1-150x150.png 150w, https:\/\/old.ecopal.fi\/wp-content\/uploads\/2017\/07\/icon_geotherm-1-100x100.png 100w, https:\/\/old.ecopal.fi\/wp-content\/uploads\/2017\/07\/icon_geotherm-1.png 200w\" sizes=\"(max-width: 50px) 100vw, 50px\" \/>\u00a0Poistoilman l\u00e4mm\u00f6ntalteenotto<\/h3>\n<div class=\"row\">\n<div class=\"col-md-4\"><img loading=\"lazy\" class=\"aligncenter wp-image-650 size-medium\" src=\"http:\/\/www.ecopal.fi\/wp-content\/uploads\/2017\/09\/retermia_lto_hi-246x300.png\" alt=\"\" width=\"246\" height=\"300\" srcset=\"https:\/\/old.ecopal.fi\/wp-content\/uploads\/2017\/09\/retermia_lto_hi-246x300.png 246w, https:\/\/old.ecopal.fi\/wp-content\/uploads\/2017\/09\/retermia_lto_hi-164x200.png 164w, https:\/\/old.ecopal.fi\/wp-content\/uploads\/2017\/09\/retermia_lto_hi.png 250w\" sizes=\"(max-width: 246px) 100vw, 246px\" \/><\/div>\n<div class=\"col-md-8\">Ilmanvaihdon mukana l\u00e4mp\u00f6energiaa p\u00e4\u00e4tyy huomattava m\u00e4\u00e4r\u00e4 ulkoilmaan. T\u00e4m\u00e4 l\u00e4mp\u00f6 voidaan kierr\u00e4tt\u00e4\u00e4 takaisin yksinkertaisimmillaan huippuimurin poistoilman l\u00e4mm\u00f6ntalteenotolla.<\/p>\n<p>Lis\u00e4tietoa poistoilman l\u00e4mm\u00f6ntalteenotosta osoitteesta <a href=\"https:\/\/www.retermia.fi\/fi\/etusivu\/\" target=\"_blank\" rel=\"noopener noreferrer\">www.retermia.fi<\/a>.<\/p>\n<\/div>\n<\/div>\n<hr \/>\n","protected":false},"excerpt":{"rendered":"<p>Ecohybridi on j\u00e4rjestelm\u00e4, joka sis\u00e4lt\u00e4\u00e4 Ecowec-hybridivaihtimen ja sen ymp\u00e4rille valittuja muita l\u00e4mm\u00f6nvaihtimia (poistoilma, geoenergia, aurinko) sek\u00e4 l\u00e4mp\u00f6pumpun. Ecohybridi-j\u00e4rjestelm\u00e4ll\u00e4 kiinteist\u00f6jen l\u00e4mmityskuluja voidaan leikata jopa 70%. J\u00e4rjestelm\u00e4 sopii kiinteist\u00f6n ja k\u00e4ytt\u00f6veden l\u00e4mmitykseen, sek\u00e4 kiinteist\u00f6n viilennykseen.\u00a0 \u00a0J\u00e4teveden l\u00e4mm\u00f6ntalteenotto Kiinteist\u00f6jen j\u00e4teveden mukana hukataan viem\u00e4riin huomattavia m\u00e4\u00e4ri\u00e4 l\u00e4mp\u00f6energiaa. T\u00e4m\u00e4 hukkal\u00e4mp\u00f6 voidaan kierr\u00e4tt\u00e4\u00e4 takaisin uuden k\u00e4ytt\u00f6veden &hellip;<\/p>\n","protected":false},"author":1,"featured_media":0,"parent":0,"menu_order":0,"comment_status":"closed","ping_status":"closed","template":"","meta":[],"translation":{"provider":"WPGlobus","version":"2.6.0","language":"en","enabled_languages":["fi","en"],"languages":{"fi":{"title":true,"content":true,"excerpt":false},"en":{"title":false,"content":false,"excerpt":false}}},"_links":{"self":[{"href":"https:\/\/old.ecopal.fi\/en\/wp-json\/wp\/v2\/pages\/506"}],"collection":[{"href":"https:\/\/old.ecopal.fi\/en\/wp-json\/wp\/v2\/pages"}],"about":[{"href":"https:\/\/old.ecopal.fi\/en\/wp-json\/wp\/v2\/types\/page"}],"author":[{"embeddable":true,"href":"https:\/\/old.ecopal.fi\/en\/wp-json\/wp\/v2\/users\/1"}],"replies":[{"embeddable":true,"href":"https:\/\/old.ecopal.fi\/en\/wp-json\/wp\/v2\/comments?post=506"}],"version-history":[{"count":115,"href":"https:\/\/old.ecopal.fi\/en\/wp-json\/wp\/v2\/pages\/506\/revisions"}],"predecessor-version":[{"id":6761,"href":"https:\/\/old.ecopal.fi\/en\/wp-json\/wp\/v2\/pages\/506\/revisions\/6761"}],"wp:attachment":[{"href":"https:\/\/old.ecopal.fi\/en\/wp-json\/wp\/v2\/media?parent=506"}],"curies":[{"name":"wp","href":"https:\/\/api.w.org\/{rel}","templated":true}]}}