{"id":6365,"date":"2020-02-11T10:21:07","date_gmt":"2020-02-11T08:21:07","guid":{"rendered":"https:\/\/www.ecopal.fi\/?page_id=6365"},"modified":"2022-01-24T11:57:01","modified_gmt":"2022-01-24T09:57:01","slug":"ecohybridi-jarjestelmat","status":"publish","type":"page","link":"https:\/\/old.ecopal.fi\/en\/ecohybridi-jarjestelmat\/","title":{"rendered":"Ecohybridi-j\u00e4rjestelm\u00e4t"},"content":{"rendered":"\n<div class=\"wp-block-image\"><figure class=\"aligncenter\"><img loading=\"lazy\" width=\"1920\" height=\"600\" src=\"https:\/\/www.ecopal.fi\/wp-content\/uploads\/2019\/01\/ecohybridi_2019.png\" alt=\"\" class=\"wp-image-879\" srcset=\"https:\/\/old.ecopal.fi\/wp-content\/uploads\/2019\/01\/ecohybridi_2019.png 1920w, https:\/\/old.ecopal.fi\/wp-content\/uploads\/2019\/01\/ecohybridi_2019-300x94.png 300w, https:\/\/old.ecopal.fi\/wp-content\/uploads\/2019\/01\/ecohybridi_2019-1024x320.png 1024w, https:\/\/old.ecopal.fi\/wp-content\/uploads\/2019\/01\/ecohybridi_2019-768x240.png 768w\" sizes=\"(max-width: 1920px) 100vw, 1920px\" \/><\/figure><\/div>\n\n\n\n<p>Ecohybridi on j\u00e4rjestelm\u00e4, joka sis\u00e4lt\u00e4\u00e4 Ecowec-hybridivaihtimen ja sen ymp\u00e4rille valittuja muita l\u00e4mm\u00f6nvaihtimia (poistoilma, geoenergia, aurinko) sek\u00e4 l\u00e4mp\u00f6pumpun. Ecohybridi-j\u00e4rjestelm\u00e4ll\u00e4 kiinteist\u00f6jen l\u00e4mmityskuluja voidaan leikata jopa 70%. J\u00e4rjestelm\u00e4 sopii kiinteist\u00f6n ja k\u00e4ytt\u00f6veden l\u00e4mmitykseen, sek\u00e4 kiinteist\u00f6n viilennykseen.&nbsp;<\/p>\n\n\n\n<p>Esimerkkej\u00e4 Ecohybridi-j\u00e4rjestelmist\u00e4 :<\/p>\n\n\n\n<ul><li>maal\u00e4mp\u00f6 ja j\u00e4teveden LTO<\/li><li>poistoilman ja j\u00e4teveden LTO<\/li><li>aurinkoker\u00e4imet ja j\u00e4teveden LTO<\/li><li>energiapaalut ja j\u00e4teveden LTO<\/li><li>maal\u00e4mp\u00f6 sek\u00e4 poistoilman ja j\u00e4teveden LTO<\/li><li>soveltuu muiden l\u00e4mmitysj\u00e4rjestelmien rinnalle, my\u00f6s kaukol\u00e4mm\u00f6n<\/li><\/ul>\n\n\n\n<div class=\"wp-block-image\"><figure class=\"aligncenter size-large\"><img loading=\"lazy\" width=\"1024\" height=\"576\" src=\"https:\/\/www.ecopal.fi\/wp-content\/uploads\/2020\/01\/niku_setti_2020-1024x576.png\" alt=\"\" class=\"wp-image-5885\" srcset=\"https:\/\/old.ecopal.fi\/wp-content\/uploads\/2020\/01\/niku_setti_2020-1024x576.png 1024w, https:\/\/old.ecopal.fi\/wp-content\/uploads\/2020\/01\/niku_setti_2020-300x169.png 300w, https:\/\/old.ecopal.fi\/wp-content\/uploads\/2020\/01\/niku_setti_2020-768x432.png 768w, https:\/\/old.ecopal.fi\/wp-content\/uploads\/2020\/01\/niku_setti_2020.png 1920w\" sizes=\"(max-width: 1024px) 100vw, 1024px\" \/><\/figure><\/div>\n\n\n\n<p><\/p>\n\n\n\n<div class=\"wp-block-image\"><figure class=\"aligncenter size-large\"><img loading=\"lazy\" width=\"1024\" height=\"576\" src=\"https:\/\/www.ecopal.fi\/wp-content\/uploads\/2020\/02\/seurahuone_mallikuva-1024x576.jpg\" alt=\"\" class=\"wp-image-6368\" srcset=\"https:\/\/old.ecopal.fi\/wp-content\/uploads\/2020\/02\/seurahuone_mallikuva-1024x576.jpg 1024w, https:\/\/old.ecopal.fi\/wp-content\/uploads\/2020\/02\/seurahuone_mallikuva-300x169.jpg 300w, https:\/\/old.ecopal.fi\/wp-content\/uploads\/2020\/02\/seurahuone_mallikuva-768x432.jpg 768w, https:\/\/old.ecopal.fi\/wp-content\/uploads\/2020\/02\/seurahuone_mallikuva-1536x864.jpg 1536w, https:\/\/old.ecopal.fi\/wp-content\/uploads\/2020\/02\/seurahuone_mallikuva-356x200.jpg 356w, https:\/\/old.ecopal.fi\/wp-content\/uploads\/2020\/02\/seurahuone_mallikuva-600x338.jpg 600w, https:\/\/old.ecopal.fi\/wp-content\/uploads\/2020\/02\/seurahuone_mallikuva.jpg 1920w\" sizes=\"(max-width: 1024px) 100vw, 1024px\" \/><\/figure><\/div>\n","protected":false},"excerpt":{"rendered":"<p>Ecohybridi on j\u00e4rjestelm\u00e4, joka sis\u00e4lt\u00e4\u00e4 Ecowec-hybridivaihtimen ja sen ymp\u00e4rille valittuja muita l\u00e4mm\u00f6nvaihtimia (poistoilma, geoenergia, aurinko) sek\u00e4 l\u00e4mp\u00f6pumpun. Ecohybridi-j\u00e4rjestelm\u00e4ll\u00e4 kiinteist\u00f6jen l\u00e4mmityskuluja voidaan leikata jopa 70%. J\u00e4rjestelm\u00e4 sopii kiinteist\u00f6n ja k\u00e4ytt\u00f6veden l\u00e4mmitykseen, sek\u00e4 kiinteist\u00f6n viilennykseen.&nbsp; Esimerkkej\u00e4 Ecohybridi-j\u00e4rjestelmist\u00e4 : maal\u00e4mp\u00f6 ja j\u00e4teveden LTO poistoilman ja j\u00e4teveden LTO aurinkoker\u00e4imet ja j\u00e4teveden LTO energiapaalut ja &hellip;<\/p>\n","protected":false},"author":1,"featured_media":0,"parent":0,"menu_order":0,"comment_status":"closed","ping_status":"closed","template":"","meta":[],"translation":{"provider":"WPGlobus","version":"2.6.0","language":"en","enabled_languages":["fi","en"],"languages":{"fi":{"title":true,"content":true,"excerpt":false},"en":{"title":false,"content":false,"excerpt":false}}},"_links":{"self":[{"href":"https:\/\/old.ecopal.fi\/en\/wp-json\/wp\/v2\/pages\/6365"}],"collection":[{"href":"https:\/\/old.ecopal.fi\/en\/wp-json\/wp\/v2\/pages"}],"about":[{"href":"https:\/\/old.ecopal.fi\/en\/wp-json\/wp\/v2\/types\/page"}],"author":[{"embeddable":true,"href":"https:\/\/old.ecopal.fi\/en\/wp-json\/wp\/v2\/users\/1"}],"replies":[{"embeddable":true,"href":"https:\/\/old.ecopal.fi\/en\/wp-json\/wp\/v2\/comments?post=6365"}],"version-history":[{"count":4,"href":"https:\/\/old.ecopal.fi\/en\/wp-json\/wp\/v2\/pages\/6365\/revisions"}],"predecessor-version":[{"id":6740,"href":"https:\/\/old.ecopal.fi\/en\/wp-json\/wp\/v2\/pages\/6365\/revisions\/6740"}],"wp:attachment":[{"href":"https:\/\/old.ecopal.fi\/en\/wp-json\/wp\/v2\/media?parent=6365"}],"curies":[{"name":"wp","href":"https:\/\/api.w.org\/{rel}","templated":true}]}}