{"id":6780,"date":"2022-01-24T15:15:23","date_gmt":"2022-01-24T13:15:23","guid":{"rendered":"https:\/\/www.ecopal.fi\/?page_id=6780"},"modified":"2022-01-27T22:58:35","modified_gmt":"2022-01-27T20:58:35","slug":"ecowec-etaseuranta","status":"publish","type":"page","link":"https:\/\/old.ecopal.fi\/en\/ecowec-etaseuranta\/","title":{"rendered":"Ecowec-et\u00e4seuranta"},"content":{"rendered":"\n<h3 id=\"ecowec-etaseuranta\">Ecowec-et\u00e4seuranta<\/h3>\n\n\n\n<div class=\"wp-block-columns\">\n<div class=\"wp-block-column\" style=\"flex-basis:33.33%\">\n<figure class=\"wp-block-image size-large\"><img loading=\"lazy\" width=\"1024\" height=\"522\" src=\"https:\/\/www.ecopal.fi\/wp-content\/uploads\/2022\/01\/ecowec_logger-1024x522.png\" alt=\"\" class=\"wp-image-6820\" srcset=\"https:\/\/old.ecopal.fi\/wp-content\/uploads\/2022\/01\/ecowec_logger-1024x522.png 1024w, https:\/\/old.ecopal.fi\/wp-content\/uploads\/2022\/01\/ecowec_logger-300x153.png 300w, https:\/\/old.ecopal.fi\/wp-content\/uploads\/2022\/01\/ecowec_logger-768x391.png 768w, https:\/\/old.ecopal.fi\/wp-content\/uploads\/2022\/01\/ecowec_logger-393x200.png 393w, https:\/\/old.ecopal.fi\/wp-content\/uploads\/2022\/01\/ecowec_logger-600x306.png 600w, https:\/\/old.ecopal.fi\/wp-content\/uploads\/2022\/01\/ecowec_logger.png 1472w\" sizes=\"(max-width: 1024px) 100vw, 1024px\" \/><\/figure>\n<\/div>\n\n\n\n<div class=\"wp-block-column\" style=\"flex-basis:66.66%\">\n<p><mark style=\"background-color:rgba(0, 0, 0, 0)\" class=\"has-inline-color has-headings-color\">Ecowec-et\u00e4seuranta ker\u00e4\u00e4 tietoa Ecowec- ja Ecohybridi-j\u00e4rjestelmien toiminnasta ja tallentaa datan luotettavaan pilvipalveluun. N\u00e4et helposti ja nopeasti j\u00e4rjestelm\u00e4n tuottaman energian sek\u00e4 j\u00e4rjestelm\u00e4n optimointia varten t\u00e4rke\u00e4t<\/mark> <mark style=\"background-color:rgba(0, 0, 0, 0)\" class=\"has-inline-color has-headings-color\">l\u00e4mp\u00f6tilatiedot (mm. keruupiiri, j\u00e4teveden l\u00e4mp\u00f6tila sis\u00e4\u00e4n vaihtimeen ja ulos viem\u00e4riin). Voit tarkastella ja vertailla ker\u00e4tty\u00e4 dataa p\u00e4iv\u00e4-, viikko-, kuukausi- ja vuositasolla.<\/mark><\/p>\n\n\n\n<p><mark style=\"background-color:rgba(0, 0, 0, 0)\" class=\"has-inline-color has-headings-color\">Ecowec-et\u00e4seuranta toimii itsen\u00e4isen\u00e4 tiedonkeruuj\u00e4rjestelm\u00e4n\u00e4, mutta se voidaan liitt\u00e4\u00e4 my\u00f6s taloautomaatioon mm. Modbus-v\u00e4yl\u00e4ll\u00e4. Se on skaalautuva ja soveltuu yksitt\u00e4isen Ecowec-vaihtimen seurannasta laajemman Ecohybridi-j\u00e4rjestelm\u00e4n seurantaan.<\/mark> <mark style=\"background-color:rgba(0, 0, 0, 0)\" class=\"has-inline-color has-headings-color\">Ecowec-et\u00e4seuranta toimii niin tietokoneella kuin mobiililaitteilla.<\/mark><\/p>\n\n\n\n<p><mark style=\"background-color:rgba(0, 0, 0, 0)\" class=\"has-inline-color has-headings-color\">Kysy lis\u00e4\u00e4 myynnist\u00e4mme! <\/mark><\/p>\n<\/div>\n<\/div>\n\n\n\n<div class=\"wp-block-image\"><figure class=\"aligncenter size-full\"><img loading=\"lazy\" width=\"960\" height=\"600\" src=\"https:\/\/www.ecopal.fi\/wp-content\/uploads\/2022\/01\/ecowec_monitor2.png\" alt=\"\" class=\"wp-image-6828\" srcset=\"https:\/\/old.ecopal.fi\/wp-content\/uploads\/2022\/01\/ecowec_monitor2.png 960w, https:\/\/old.ecopal.fi\/wp-content\/uploads\/2022\/01\/ecowec_monitor2-300x188.png 300w, https:\/\/old.ecopal.fi\/wp-content\/uploads\/2022\/01\/ecowec_monitor2-768x480.png 768w, https:\/\/old.ecopal.fi\/wp-content\/uploads\/2022\/01\/ecowec_monitor2-320x200.png 320w, https:\/\/old.ecopal.fi\/wp-content\/uploads\/2022\/01\/ecowec_monitor2-640x400.png 640w, https:\/\/old.ecopal.fi\/wp-content\/uploads\/2022\/01\/ecowec_monitor2-600x375.png 600w\" sizes=\"(max-width: 960px) 100vw, 960px\" \/><\/figure><\/div>\n","protected":false},"excerpt":{"rendered":"<p>Ecowec-et\u00e4seuranta Ecowec-et\u00e4seuranta ker\u00e4\u00e4 tietoa Ecowec- ja Ecohybridi-j\u00e4rjestelmien toiminnasta ja tallentaa datan luotettavaan pilvipalveluun. N\u00e4et helposti ja nopeasti j\u00e4rjestelm\u00e4n tuottaman energian sek\u00e4 j\u00e4rjestelm\u00e4n optimointia varten t\u00e4rke\u00e4t l\u00e4mp\u00f6tilatiedot (mm. keruupiiri, j\u00e4teveden l\u00e4mp\u00f6tila sis\u00e4\u00e4n vaihtimeen ja ulos viem\u00e4riin). Voit tarkastella ja vertailla ker\u00e4tty\u00e4 dataa p\u00e4iv\u00e4-, viikko-, kuukausi- ja vuositasolla. Ecowec-et\u00e4seuranta toimii itsen\u00e4isen\u00e4 tiedonkeruuj\u00e4rjestelm\u00e4n\u00e4, &hellip;<\/p>\n","protected":false},"author":1,"featured_media":6776,"parent":0,"menu_order":0,"comment_status":"closed","ping_status":"closed","template":"","meta":[],"translation":{"provider":"WPGlobus","version":"2.6.0","language":"en","enabled_languages":["fi","en"],"languages":{"fi":{"title":true,"content":true,"excerpt":false},"en":{"title":false,"content":false,"excerpt":false}}},"_links":{"self":[{"href":"https:\/\/old.ecopal.fi\/en\/wp-json\/wp\/v2\/pages\/6780"}],"collection":[{"href":"https:\/\/old.ecopal.fi\/en\/wp-json\/wp\/v2\/pages"}],"about":[{"href":"https:\/\/old.ecopal.fi\/en\/wp-json\/wp\/v2\/types\/page"}],"author":[{"embeddable":true,"href":"https:\/\/old.ecopal.fi\/en\/wp-json\/wp\/v2\/users\/1"}],"replies":[{"embeddable":true,"href":"https:\/\/old.ecopal.fi\/en\/wp-json\/wp\/v2\/comments?post=6780"}],"version-history":[{"count":7,"href":"https:\/\/old.ecopal.fi\/en\/wp-json\/wp\/v2\/pages\/6780\/revisions"}],"predecessor-version":[{"id":6829,"href":"https:\/\/old.ecopal.fi\/en\/wp-json\/wp\/v2\/pages\/6780\/revisions\/6829"}],"wp:featuredmedia":[{"embeddable":true,"href":"https:\/\/old.ecopal.fi\/en\/wp-json\/wp\/v2\/media\/6776"}],"wp:attachment":[{"href":"https:\/\/old.ecopal.fi\/en\/wp-json\/wp\/v2\/media?parent=6780"}],"curies":[{"name":"wp","href":"https:\/\/api.w.org\/{rel}","templated":true}]}}