{"id":911,"date":"2019-01-16T15:23:30","date_gmt":"2019-01-16T13:23:30","guid":{"rendered":"http:\/\/www.ecopal.fi\/?page_id=911"},"modified":"2019-10-16T14:05:57","modified_gmt":"2019-10-16T11:05:57","slug":"ecowec-aineisto","status":"publish","type":"page","link":"https:\/\/old.ecopal.fi\/en\/ecowec-aineisto\/","title":{"rendered":"Ecowec aineisto"},"content":{"rendered":"<h4>Esitteet<\/h4>\n<p><a href=\"https:\/\/www.ecopal.fi\/wp-content\/uploads\/2019\/10\/ecowec_2019_web.pdf\">Ecowec esite (2019)<\/a><br \/>\n<a href=\"http:\/\/www.ecowec.com\/wp-content\/uploads\/2017\/05\/ecowec_A4.pdf\">Ecowec A4 esite (2017)<\/a><br \/>\n<a href=\"http:\/\/wasenco.com\/wordpress\/wp-content\/uploads\/2015\/09\/Ecowec-hybridivaihdin-tuotekortti.pdf\">Ecowec-hybridivaihdin tuotekortti<\/a><\/p>\n<h4>Suunnittelu- ja asennusohjeet<\/h4>\n<p><a href=\"http:\/\/wasenco.com\/wordpress\/wp-content\/uploads\/2016\/09\/Ecowec-hybridivaihdin-asennusohje-2016.pdf\">Ecowec-hybridivaihdin asennusohje<\/a><\/p>\n<h4>Ecowec-hybridivaihdin mittakuvat<\/h4>\n<p><a href=\"http:\/\/www.ecowec.com\/wp-content\/uploads\/2017\/01\/R03_mittakuva.pdf\">Ecowec R03 mittakuva<br \/>\n<\/a><a href=\"http:\/\/www.ecowec.com\/wp-content\/uploads\/2017\/01\/R08_mitttakuva.pdf\">Ecowec R08 mitttakuva<br \/>\n<\/a><a href=\"http:\/\/www.ecowec.com\/wp-content\/uploads\/2017\/01\/R10_mittakuva.pdf\">Ecowec R10 mittakuva<\/a><a href=\"http:\/\/www.ecowec.com\/wp-content\/uploads\/2017\/01\/R03_mittakuva.pdf\"><br \/>\n<\/a><\/p>\n<h4>Hyv\u00e4ksynn\u00e4t<\/h4>\n<p><a href=\"http:\/\/wasenco.com\/wordpress\/wp-content\/uploads\/2015\/11\/VTT-k%C3%A4ytett%C3%A4vyyslausunto-Ecowec-hybridivaihdin.pdf\">VTT k\u00e4ytett\u00e4vyyslausunto Ecowec-hybridivaihdin<\/a><\/p>\n<h4>Mitoitustaulukot<\/h4>\n<p><a href=\"http:\/\/wasenco.com\/wordpress\/wp-content\/uploads\/2015\/11\/Ecowec-ohje-tehomitoituksen-laskentaan.pdf\">Ecowec ohje tehomitoituksen laskentaan<br \/>\n<\/a><a href=\"http:\/\/wasenco.com\/wordpress\/wp-content\/uploads\/2015\/11\/Ecowec-tehomitoitus-k%C3%A4ytt%C3%B6veteen.pdf\">Ecowec tehomitoitus k\u00e4ytt\u00f6veteen<\/a><a href=\"http:\/\/wasenco.com\/wordpress\/wp-content\/uploads\/2015\/11\/Ecowec-ohje-tehomitoituksen-laskentaan.pdf\"><br \/>\n<\/a><a href=\"http:\/\/wasenco.com\/wordpress\/wp-content\/uploads\/2015\/11\/Ecowec-tehomitoitus-l%C3%A4mp%C3%B6pumppuun.pdf\">Ecowec tehomitoitus l\u00e4mp\u00f6pumppuun<\/a><\/p>\n<h4>Kytkent\u00e4kuvia<\/h4>\n<p><a href=\"http:\/\/www.ecowec.com\/wp-content\/uploads\/2017\/05\/Ka%CC%88ytto%CC%88veden-esila%CC%88mmitys_kaukola%CC%88mpo%CC%88.pdf\">Ka\u0308ytto\u0308veden esila\u0308mmitys: kaukola\u0308mpo\u0308<br \/>\n<\/a><a href=\"http:\/\/www.ecowec.com\/wp-content\/uploads\/2017\/05\/Ka%CC%88ytto%CC%88veden-esila%CC%88mmitys_la%CC%88mpo%CC%88pumppu.pdf\">Ka\u0308ytto\u0308veden esila\u0308mmitys: la\u0308mpo\u0308pumppu<br \/>\n<\/a><a href=\"http:\/\/www.ecowec.com\/wp-content\/uploads\/2017\/05\/Ka%CC%88ytto%CC%88veden-esila%CC%88mmitys_muut-la%CC%88mmo%CC%88nla%CC%88hteet.pdf\">Ka\u0308ytto\u0308veden esila\u0308mmitys: muut la\u0308mmo\u0308nla\u0308hteet<br \/>\n<\/a><a href=\"http:\/\/www.ecopal.fi\/wp-content\/uploads\/2019\/04\/kv_el_ulk_llv.pdf\">K\u00e4ytt\u00f6veden esil\u00e4mmitys: ulkoinen levyl\u00e4mm\u00f6nvaihdin<\/a><br \/>\n<a href=\"http:\/\/www.ecowec.com\/wp-content\/uploads\/2017\/05\/La%CC%88mpo%CC%88pumppu.pdf\">La\u0308mpo\u0308pumppu<br \/>\n<\/a><a href=\"http:\/\/www.ecowec.com\/wp-content\/uploads\/2017\/05\/Kallio-_maala%CC%88mpo%CC%88pumppu.pdf\">Kallio-\/maala\u0308mpo\u0308pumppu<br \/>\n<\/a><a href=\"http:\/\/www.ecowec.com\/wp-content\/uploads\/2017\/05\/Poistoilmala%CC%88mpo%CC%88pumppu.pdf\">Poistoilmala\u0308mpo\u0308pumppu<\/a><\/p>\n","protected":false},"excerpt":{"rendered":"<p>Esitteet Ecowec esite (2019) Ecowec A4 esite (2017) Ecowec-hybridivaihdin tuotekortti Suunnittelu- ja asennusohjeet Ecowec-hybridivaihdin asennusohje Ecowec-hybridivaihdin mittakuvat Ecowec R03 mittakuva Ecowec R08 mitttakuva Ecowec R10 mittakuva Hyv\u00e4ksynn\u00e4t VTT k\u00e4ytett\u00e4vyyslausunto Ecowec-hybridivaihdin Mitoitustaulukot Ecowec ohje tehomitoituksen laskentaan Ecowec tehomitoitus k\u00e4ytt\u00f6veteen Ecowec tehomitoitus l\u00e4mp\u00f6pumppuun Kytkent\u00e4kuvia Ka\u0308ytto\u0308veden esila\u0308mmitys: kaukola\u0308mpo\u0308 Ka\u0308ytto\u0308veden esila\u0308mmitys: la\u0308mpo\u0308pumppu Ka\u0308ytto\u0308veden esila\u0308mmitys: &hellip;<\/p>\n","protected":false},"author":1,"featured_media":0,"parent":0,"menu_order":0,"comment_status":"closed","ping_status":"closed","template":"","meta":[],"translation":{"provider":"WPGlobus","version":"2.6.0","language":"en","enabled_languages":["fi","en"],"languages":{"fi":{"title":true,"content":true,"excerpt":false},"en":{"title":false,"content":false,"excerpt":false}}},"_links":{"self":[{"href":"https:\/\/old.ecopal.fi\/en\/wp-json\/wp\/v2\/pages\/911"}],"collection":[{"href":"https:\/\/old.ecopal.fi\/en\/wp-json\/wp\/v2\/pages"}],"about":[{"href":"https:\/\/old.ecopal.fi\/en\/wp-json\/wp\/v2\/types\/page"}],"author":[{"embeddable":true,"href":"https:\/\/old.ecopal.fi\/en\/wp-json\/wp\/v2\/users\/1"}],"replies":[{"embeddable":true,"href":"https:\/\/old.ecopal.fi\/en\/wp-json\/wp\/v2\/comments?post=911"}],"version-history":[{"count":3,"href":"https:\/\/old.ecopal.fi\/en\/wp-json\/wp\/v2\/pages\/911\/revisions"}],"predecessor-version":[{"id":2391,"href":"https:\/\/old.ecopal.fi\/en\/wp-json\/wp\/v2\/pages\/911\/revisions\/2391"}],"wp:attachment":[{"href":"https:\/\/old.ecopal.fi\/en\/wp-json\/wp\/v2\/media?parent=911"}],"curies":[{"name":"wp","href":"https:\/\/api.w.org\/{rel}","templated":true}]}}