{"id":94,"date":"2017-07-14T11:05:33","date_gmt":"2017-07-14T08:05:33","guid":{"rendered":"http:\/\/new.ecopal.fi\/?page_id=94"},"modified":"2017-07-31T14:18:11","modified_gmt":"2017-07-31T11:18:11","slug":"kartoituskaynti","status":"publish","type":"page","link":"https:\/\/old.ecopal.fi\/en\/kartoituskaynti\/","title":{"rendered":"KARTOITUSK\u00c4YNTI"},"content":{"rendered":"<p>Kartoitusk\u00e4ynnin avulla saatte ehdotuksen energiatehokkuutta parantavista j\u00e4rjestelmist\u00e4 kiinteist\u00f6\u00f6nne.<\/p>\n<p>Palvelu on tarkoitettu kiinteist\u00f6n omistajille ja kiinteist\u00f6is\u00e4nn\u00f6itsij\u00f6ille.<\/p>\n","protected":false},"excerpt":{"rendered":"<p>Kartoitusk\u00e4ynnin avulla saatte ehdotuksen energiatehokkuutta parantavista j\u00e4rjestelmist\u00e4 kiinteist\u00f6\u00f6nne. Palvelu on tarkoitettu kiinteist\u00f6n omistajille ja kiinteist\u00f6is\u00e4nn\u00f6itsij\u00f6ille.<\/p>\n","protected":false},"author":1,"featured_media":0,"parent":0,"menu_order":0,"comment_status":"closed","ping_status":"closed","template":"","meta":[],"translation":{"provider":"WPGlobus","version":"2.6.0","language":"en","enabled_languages":["fi","en"],"languages":{"fi":{"title":true,"content":true,"excerpt":false},"en":{"title":false,"content":false,"excerpt":false}}},"_links":{"self":[{"href":"https:\/\/old.ecopal.fi\/en\/wp-json\/wp\/v2\/pages\/94"}],"collection":[{"href":"https:\/\/old.ecopal.fi\/en\/wp-json\/wp\/v2\/pages"}],"about":[{"href":"https:\/\/old.ecopal.fi\/en\/wp-json\/wp\/v2\/types\/page"}],"author":[{"embeddable":true,"href":"https:\/\/old.ecopal.fi\/en\/wp-json\/wp\/v2\/users\/1"}],"replies":[{"embeddable":true,"href":"https:\/\/old.ecopal.fi\/en\/wp-json\/wp\/v2\/comments?post=94"}],"version-history":[{"count":3,"href":"https:\/\/old.ecopal.fi\/en\/wp-json\/wp\/v2\/pages\/94\/revisions"}],"predecessor-version":[{"id":167,"href":"https:\/\/old.ecopal.fi\/en\/wp-json\/wp\/v2\/pages\/94\/revisions\/167"}],"wp:attachment":[{"href":"https:\/\/old.ecopal.fi\/en\/wp-json\/wp\/v2\/media?parent=94"}],"curies":[{"name":"wp","href":"https:\/\/api.w.org\/{rel}","templated":true}]}}