{"id":944,"date":"2019-01-17T15:56:39","date_gmt":"2019-01-17T13:56:39","guid":{"rendered":"http:\/\/www.ecopal.fi\/?page_id=944"},"modified":"2019-01-17T16:04:00","modified_gmt":"2019-01-17T14:04:00","slug":"hybridijarjestelma","status":"publish","type":"page","link":"https:\/\/old.ecopal.fi\/en\/hybridijarjestelma\/","title":{"rendered":"Hybridij\u00e4rjestelm\u00e4"},"content":{"rendered":"<h4>J\u00c4TEVESIVAIHDIN ENERGIATEHOKKAAN RAKENNUKSEN L\u00c4HT\u00d6KOHTANA<\/h4>\n<h5><\/h5>\n<h5>Energiakulutus vs. energiakustannus<\/h5>\n<p>Yleens\u00e4 ajatellaan, ett\u00e4 uudisrakennus on hyvin rakennettu, kun se t\u00e4ytt\u00e4\u00e4 nykyaikaiset rakennusm\u00e4\u00e4r\u00e4ykset. Rakennusm\u00e4\u00e4r\u00e4ykset ovat kuitenkin vain minimivaatimuksia, joiden avulla varmistetaan toimiva rakennus suunnittelun ja rakentamisen osalta. Rakennuksen energian kulutus voi silti olla laskennallisia rakentamism\u00e4\u00e4r\u00e4yksi\u00e4 suurempaa johtuen rakennuksen geometriasta ja arkkitehtuurista. Rakennuksen ulkovaipan suhde lattiapinta-alaan on merkitt\u00e4v\u00e4 tekij\u00e4 energiakulutuksen muodostumisessa, mutta my\u00f6s tekniset ratkaisut sek\u00e4 k\u00e4ytt\u00f6veden kulutus ja sen l\u00e4mmitt\u00e4misen vaikutus voivat olla jopa yli puolet rakennuksen kokonaisenergiakulutuksesta.<\/p>\n<p>Energiakulutusta ei kuitenkaan pid\u00e4 sekoittaa energiakustannuksiin, joihin voidaan vaikuttaa merkitt\u00e4v\u00e4sti l\u00e4mmitys- ja j\u00e4\u00e4hdytysj\u00e4rjestelm\u00e4n valinnalla. Perinteinen kaukol\u00e4mp\u00f6 on saanut rinnalleen etenev\u00e4ss\u00e4 m\u00e4\u00e4rin erilaisia l\u00e4mm\u00f6ntalteenotto- ja l\u00e4mp\u00f6pumppuratkaisuja, joilla rakennusten l\u00e4mmityskustannuksia voidaan alentaa verrattuna perinteiseen kaukol\u00e4mp\u00f6\u00f6n. T\u00e4m\u00e4 kustannusero muodostuu rakennuskohtaisten l\u00e4mm\u00f6n talteenotto- ja l\u00e4mp\u00f6pumppuj\u00e4rjestelmien kehityksest\u00e4 sek\u00e4 kaukol\u00e4mm\u00f6n ja s\u00e4hk\u00f6n hinnan v\u00e4lisest\u00e4 hintaeroista. Yleisesti trendi n\u00e4ytt\u00e4\u00e4 menev\u00e4n suuntaan, jossa my\u00f6s rakennusten l\u00e4mmitys s\u00e4hk\u00f6istyy tulevaisuudessa aivan kuten liikennekin.<\/p>\n<h5>Kaukol\u00e4mp\u00f6- tai maal\u00e4mp\u00f6j\u00e4rjestelm\u00e4t eiv\u00e4t ole markkinoiden parhaat l\u00e4mmitysratkaisut<\/h5>\n<p>Usein l\u00e4mmitysj\u00e4rjestelmien v\u00e4linen kilpailu keskittyy vain kaukol\u00e4mm\u00f6n ja maal\u00e4mm\u00f6n v\u00e4lille. Itsess\u00e4\u00e4n kumpikaan ratkaisu ei ole hy\u00f6tysuhteeltaan paras markkinoilla oleva l\u00e4mmitysratkaisu. Kaukol\u00e4mm\u00f6n ongelma kohdistuu kalliimpaan k\u00e4yt\u00f6naikaisiin kustannuksiin ja ailahtelevaan hintamonopoliin, kun taas maal\u00e4mp\u00f6 on investointikustannuksiltaan moninkertainen kaukol\u00e4mp\u00f6\u00f6n verrattuna ja sen hy\u00f6tysuhde on melko heikko kuuman k\u00e4ytt\u00f6veden tuotossa. Pit\u00e4\u00e4 siis l\u00f6yt\u00e4\u00e4 tuoteratkaisu, joka poistaa molempien p\u00e4\u00e4l\u00e4mmitysj\u00e4rjestelmien heikkoudet. Er\u00e4\u00e4n\u00e4 ratkaisuna on pidetty mm. poistoilman l\u00e4mm\u00f6n talteenottoa tai aurinkoenergian hy\u00f6dynt\u00e4mist\u00e4. N\u00e4iden osalta ongelmat kohdistuvat kuitenkin usein rakennusten julkisivuihin, eritoten kattopintoihin, joihin ei kaavam\u00e4\u00e4r\u00e4ysten perusteella saada lis\u00e4t\u00e4 rakennuksen ulkon\u00e4k\u00f6\u00f6n vaikuttavia taloteknisi\u00e4 j\u00e4rjestelmi\u00e4.<\/p>\n<h5>J\u00e4teveden l\u00e4mm\u00f6n talteenotto hy\u00f6dytt\u00e4\u00e4 l\u00e4hes kaikkia rakennuksia ja l\u00e4mmitysj\u00e4rjestelmi\u00e4<\/h5>\n<p>Yleisesti jo tiedet\u00e4\u00e4n ett\u00e4 hybridij\u00e4rjestelm\u00e4t ovat hy\u00f6tysuhteiltaan markkinoiden parhaita l\u00e4mmitys- ja viilennysratkaisuja rakennuksiin, pit\u00e4isi vain l\u00f6yt\u00e4\u00e4 puuttuva pala, joka hy\u00f6dytt\u00e4\u00e4 niin kaukol\u00e4mp\u00f6- kuin maal\u00e4mp\u00f6j\u00e4rjestelm\u00e4\u00e4kin niiden puutteissa ilman kaavarajoitteita. Tuotteistettujen ratkaisujen puuttuminen on aiemmin ollut ongelma, mutta nyt Ecohybridi-j\u00e4rjestelm\u00e4 vastaa tuomalla puuttuvan palan t\u00e4h\u00e4n yht\u00e4l\u00f6\u00f6n \u2013 j\u00e4teveden l\u00e4mm\u00f6n talteenotolla. J\u00e4teveden l\u00e4mm\u00f6n talteenotto soveltuu niin kaukol\u00e4mp\u00f6- kuin maal\u00e4mp\u00f6j\u00e4rjestelmienkin toiminnan tehostamiseen. J\u00e4teveden l\u00e4mm\u00f6n talteenotto ei my\u00f6sk\u00e4\u00e4n muokkaa rakennusten julkisivua tai kattopintaa, joten sill\u00e4 ei my\u00f6sk\u00e4\u00e4n ole kaavarajoitteita osallaan. J\u00e4teveden l\u00e4mm\u00f6n talteenotto sopii itsen\u00e4isen\u00e4 j\u00e4rjestelm\u00e4n\u00e4 tai osakomponenttina isoihin yli 20 asunnon kerrostaloihin, hotelleihin, uimahalleihin, sairaaloihin tai teollisuuslaitoksiin pois lukien omakotitalot ja pienet rivitalot.<\/p>\n<p>J\u00e4teveden l\u00e4mm\u00f6n talteenotto ei kuitenkaan rajoita muiden l\u00e4mm\u00f6n talteenottoratkaisujen mm. poistoilman lto:n yhdist\u00e4mist\u00e4 samaan l\u00e4mm\u00f6ntuottoj\u00e4rjestelm\u00e4\u00e4n. Itse asiassa hy\u00f6tysuhteeltaan paras j\u00e4rjestelm\u00e4 saadaan, kun yhdistet\u00e4\u00e4n j\u00e4teveden ja poistoilman l\u00e4mm\u00f6n talteenotto samaan l\u00e4mp\u00f6pumppuun kaukol\u00e4mm\u00f6n tai maal\u00e4mm\u00f6n rinnalle. Pelk\u00e4st\u00e4\u00e4n j\u00e4teveden ja poistoilman l\u00e4mm\u00f6n talteenotto voi v\u00e4hent\u00e4\u00e4 p\u00e4\u00e4l\u00e4mmitysj\u00e4rjestelm\u00e4n kulutusta jopa 80 prosenttia. J\u00e4ljelle j\u00e4\u00e4v\u00e4n suhteellisen suuren kaukol\u00e4mm\u00f6n liittym\u00e4- ja tehomaksujen johdosta tulee harkittavaksi my\u00f6s kaukol\u00e4mm\u00f6n vaihtaminen pieneen m\u00e4\u00e4r\u00e4\u00e4n maal\u00e4mp\u00f6kaivoja tai rakennuksen alle sijoitettavia energiapaaluja, jotka kytket\u00e4\u00e4n samaan l\u00e4mp\u00f6pumppuj\u00e4rjestelm\u00e4\u00e4n j\u00e4teveden lto-vaihtimen rinnalle. N\u00e4in voidaan korvata koko kaukol\u00e4mp\u00f6- ja kaukokylm\u00e4 liittym\u00e4 hybridij\u00e4rjestelm\u00e4ll\u00e4.<\/p>\n<p style=\"text-align: center;\"><img loading=\"lazy\" class=\"aligncenter size-full wp-image-489\" src=\"http:\/\/www.ecopal.fi\/wp-content\/uploads\/2017\/08\/r10r08r03.png\" alt=\"\" width=\"649\" height=\"504\" srcset=\"https:\/\/old.ecopal.fi\/wp-content\/uploads\/2017\/08\/r10r08r03.png 649w, https:\/\/old.ecopal.fi\/wp-content\/uploads\/2017\/08\/r10r08r03-300x233.png 300w, https:\/\/old.ecopal.fi\/wp-content\/uploads\/2017\/08\/r10r08r03-258x200.png 258w, https:\/\/old.ecopal.fi\/wp-content\/uploads\/2017\/08\/r10r08r03-600x466.png 600w\" sizes=\"(max-width: 649px) 100vw, 649px\" \/><\/p>\n<h5>J\u00e4teveden l\u00e4mm\u00f6n talteenottovaihdin (j\u00e4teveden lto-vaihdin) riitt\u00e4\u00e4 isoihinkin kohteisiin<\/h5>\n<p>J\u00e4teveden lto-vaihdin tai useampi lto-vaihdin sijoitetaan yleens\u00e4 rakennuksen pohjakerrokseen kohtaan, jossa rakennuksen viem\u00e4rilinjat yhtyv\u00e4t joko rakennuksen sis\u00e4ll\u00e4 tai ulkona. Paras sijoituspaikka on rakennuksen tekninen tila, jossa my\u00f6s muu l\u00e4mmitysj\u00e4rjestelm\u00e4 sijaitsee. Sijoituspaikka voi siis olla my\u00f6s teknisen tilan ulkopuolella eri puolella rakennusta. Yleens\u00e4 j\u00e4teveden lto-sijoitetaan rakennuksen sis\u00e4tiloihin, jolla v\u00e4ltet\u00e4\u00e4n j\u00e4teveden j\u00e4\u00e4tyminen vaihtimen sis\u00e4ll\u00e4 talviaikaan. Poikkeustapauksissa j\u00e4teveden lto-vaihdin voidaan sijoittaa kylmiin ulkotiloihin, mutta t\u00e4ll\u00f6in se vaatii varal\u00e4mmityksen ja ulkosuojan ymp\u00e4rilleen.<\/p>\n<p><img loading=\"lazy\" class=\"aligncenter size-full wp-image-945\" src=\"http:\/\/www.ecopal.fi\/wp-content\/uploads\/2019\/01\/As_Oy_Helsingin_Albatrossi_nurkasta.png\" alt=\"\" width=\"824\" height=\"585\" srcset=\"https:\/\/old.ecopal.fi\/wp-content\/uploads\/2019\/01\/As_Oy_Helsingin_Albatrossi_nurkasta.png 824w, https:\/\/old.ecopal.fi\/wp-content\/uploads\/2019\/01\/As_Oy_Helsingin_Albatrossi_nurkasta-300x213.png 300w, https:\/\/old.ecopal.fi\/wp-content\/uploads\/2019\/01\/As_Oy_Helsingin_Albatrossi_nurkasta-768x545.png 768w, https:\/\/old.ecopal.fi\/wp-content\/uploads\/2019\/01\/As_Oy_Helsingin_Albatrossi_nurkasta-282x200.png 282w, https:\/\/old.ecopal.fi\/wp-content\/uploads\/2019\/01\/As_Oy_Helsingin_Albatrossi_nurkasta-600x426.png 600w\" sizes=\"(max-width: 824px) 100vw, 824px\" \/><\/p>\n","protected":false},"excerpt":{"rendered":"<p>J\u00c4TEVESIVAIHDIN ENERGIATEHOKKAAN RAKENNUKSEN L\u00c4HT\u00d6KOHTANA Energiakulutus vs. energiakustannus Yleens\u00e4 ajatellaan, ett\u00e4 uudisrakennus on hyvin rakennettu, kun se t\u00e4ytt\u00e4\u00e4 nykyaikaiset rakennusm\u00e4\u00e4r\u00e4ykset. Rakennusm\u00e4\u00e4r\u00e4ykset ovat kuitenkin vain minimivaatimuksia, joiden avulla varmistetaan toimiva rakennus suunnittelun ja rakentamisen osalta. Rakennuksen energian kulutus voi silti olla laskennallisia rakentamism\u00e4\u00e4r\u00e4yksi\u00e4 suurempaa johtuen rakennuksen geometriasta ja arkkitehtuurista. Rakennuksen ulkovaipan suhde &hellip;<\/p>\n","protected":false},"author":1,"featured_media":0,"parent":0,"menu_order":0,"comment_status":"closed","ping_status":"closed","template":"","meta":[],"translation":{"provider":"WPGlobus","version":"2.6.0","language":"en","enabled_languages":["fi","en"],"languages":{"fi":{"title":true,"content":true,"excerpt":false},"en":{"title":false,"content":false,"excerpt":false}}},"_links":{"self":[{"href":"https:\/\/old.ecopal.fi\/en\/wp-json\/wp\/v2\/pages\/944"}],"collection":[{"href":"https:\/\/old.ecopal.fi\/en\/wp-json\/wp\/v2\/pages"}],"about":[{"href":"https:\/\/old.ecopal.fi\/en\/wp-json\/wp\/v2\/types\/page"}],"author":[{"embeddable":true,"href":"https:\/\/old.ecopal.fi\/en\/wp-json\/wp\/v2\/users\/1"}],"replies":[{"embeddable":true,"href":"https:\/\/old.ecopal.fi\/en\/wp-json\/wp\/v2\/comments?post=944"}],"version-history":[{"count":3,"href":"https:\/\/old.ecopal.fi\/en\/wp-json\/wp\/v2\/pages\/944\/revisions"}],"predecessor-version":[{"id":950,"href":"https:\/\/old.ecopal.fi\/en\/wp-json\/wp\/v2\/pages\/944\/revisions\/950"}],"wp:attachment":[{"href":"https:\/\/old.ecopal.fi\/en\/wp-json\/wp\/v2\/media?parent=944"}],"curies":[{"name":"wp","href":"https:\/\/api.w.org\/{rel}","templated":true}]}}