{"id":961,"date":"2019-01-21T14:15:16","date_gmt":"2019-01-21T12:15:16","guid":{"rendered":"http:\/\/www.ecopal.fi\/?page_id=961"},"modified":"2019-01-21T14:20:44","modified_gmt":"2019-01-21T12:20:44","slug":"jateveden-lto-mitoitus","status":"publish","type":"page","link":"https:\/\/old.ecopal.fi\/en\/jateveden-lto-mitoitus\/","title":{"rendered":"J\u00e4teveden LTO mitoitus"},"content":{"rendered":"<p><strong>Mitoituksen p\u00e4\u00e4kohdat<\/strong><\/p>\n<ol>\n<li><strong>J\u00e4teveden m\u00e4\u00e4r\u00e4 ja l\u00e4mp\u00f6tila<\/strong><\/li>\n<li><strong>Kytkent\u00e4tyyppi<\/strong><\/li>\n<li><strong>J\u00e4tevesivaihtimien m\u00e4\u00e4r\u00e4<br \/>\n<\/strong><\/li>\n<\/ol>\n<hr \/>\n<ol>\n<li><strong>J\u00e4teveden m\u00e4\u00e4r\u00e4 ja l\u00e4mp\u00f6tila<\/strong><\/li>\n<\/ol>\n<p>J\u00e4teveden m\u00e4\u00e4r\u00e4 ja l\u00e4mp\u00f6tila vaikuttavat viem\u00e4riveden mukana hukattavan energiam\u00e4\u00e4r\u00e4\u00e4n.\u00a0 Energiam\u00e4\u00e4r\u00e4 voidaan laskea seuraavasti:<br \/>\nE = m C \u0394T, jossa m on j\u00e4teveden m\u00e4\u00e4r\u00e4 (kg), C on veden ominaisl\u00e4mp\u00f6kapasiteetti 4,186 kJ\/(K\u00b7kg) ja \u0394T on l\u00e4mmitetyn veden l\u00e4mp\u00f6tilaero (K).<\/p>\n<p>Kiinteist\u00f6iss\u00e4 viem\u00e4riin hukattavan l\u00e4mpim\u00e4n veden osuuden arvioita:<\/p>\n<ul>\n<li>Asuinkiinteist\u00f6t 30 \u2013 40 % (+ talouspesuvesien l\u00e4mmitys asuintiloissa)<\/li>\n<li>Uimahallit ja kylpyl\u00e4t 40 \u2013 50 %<\/li>\n<li>Teollisuuspesulat 50 &#8211; 70 %<\/li>\n<li>Autoklaavipesulinjat 60 \u2013 90 %<\/li>\n<\/ul>\n<p>Esimerkkilaskelma: 100 hengen asuinkerrostalo<\/p>\n<p>100 hl\u00f6 x 155l\/hl\u00f6\/vrk x 365 vrk = 5658 m\u00b3\/v, josta 2263 m\u00b3 (40 %) l\u00e4mmint\u00e4 vett\u00e4.<br \/>\nViem\u00e4riin hukataan 2263 m\u00b3 x 58 kWh\/ m\u00b3 = 131\u00a0254 kWh\/v<br \/>\n(Keskitetyn k\u00e4ytt\u00f6veden l\u00e4mmityksen lis\u00e4ksi asukkaat l\u00e4mmitt\u00e4v\u00e4t pesuvesi\u00e4 talouss\u00e4hk\u00f6ll\u00e4)<\/p>\n<hr \/>\n<ol start=\"2\">\n<li><strong>Kytkent\u00e4tyyppi<\/strong><\/li>\n<\/ol>\n<p>J\u00e4teveden LTO vaihtimella voidaan ottaa kiinteist\u00f6n j\u00e4tevedest\u00e4 l\u00e4mp\u00f6\u00e4 talteen passiivisella k\u00e4ytt\u00f6veden esil\u00e4mmityskytkenn\u00e4ll\u00e4 tai aktiivisella l\u00e4mp\u00f6pumppukytkenn\u00e4ll\u00e4. Kytkent\u00e4tyyppi vaikuttaa merkitt\u00e4v\u00e4sti j\u00e4tevedest\u00e4 saatavan energiam\u00e4\u00e4r\u00e4\u00e4n. Suomessa asuinkiinteist\u00f6iss\u00e4 k\u00e4ytt\u00f6veden esil\u00e4mmitys on kielletty\u00e4 joidenkin kaukol\u00e4mp\u00f6yhti\u00f6iden toimesta, jolloin vaihtoehdoksi j\u00e4\u00e4 ainoastaan kustannuksiltaan kalliimpi, mutta huomattavasti tehokkaampi l\u00e4mp\u00f6pumppukytkent\u00e4. L\u00e4mp\u00f6pumppukytkent\u00e4\u00e4 suositellaan paremman j\u00e4teveden LTO-hy\u00f6tysuhteen saavuttamiseksi ja yleens\u00e4 nopeamman takaisinmaksuajan takia. Jos kuitenkin halutaan suunnitella k\u00e4ytt\u00f6veden esil\u00e4mmityskytkent\u00e4, tulee sen soveltuvuus aina tarkistaa ja hyv\u00e4ksytt\u00e4\u00e4 alueen kaukol\u00e4mp\u00f6yhti\u00f6lt\u00e4.<\/p>\n<p>Karkeasti arvioiden passiivisella k\u00e4ytt\u00f6veden esil\u00e4mmityksell\u00e4 saavutetaan 15 \u2013 30 % ja l\u00e4mp\u00f6pumppukytkenn\u00e4ll\u00e4 50 \u2013 95 % j\u00e4teveden lto-hy\u00f6tysuhde. Isommissa kiinteist\u00f6iss\u00e4 l\u00e4mp\u00f6pumppukytkenn\u00f6iss\u00e4 voidaan k\u00e4ytt\u00e4\u00e4 useampaa j\u00e4teveden LTO vaihdinta rinnan- tai sarjakytkenn\u00e4ll\u00e4. L\u00e4mp\u00f6pumppukytkenn\u00f6iss\u00e4 j\u00e4teveden LTO vaihdinta ei saa j\u00e4\u00e4hdytt\u00e4\u00e4 liikaa, jotta sen sis\u00e4ll\u00e4 oleva j\u00e4tevesi ei j\u00e4\u00e4dy ja riko l\u00e4mm\u00f6nsiirtoputkia j\u00e4teveden LTO vaihtimen sis\u00e4ll\u00e4.<\/p>\n<hr \/>\n<ol start=\"3\">\n<li><strong>J\u00e4tevesivaihtimien m\u00e4\u00e4r\u00e4<\/strong><\/li>\n<\/ol>\n<p>J\u00e4tevesivaihtimien m\u00e4\u00e4r\u00e4 vaikuttaa saavutettavaan j\u00e4teveden LTO-hy\u00f6tysuhteeseen. Mitoituksessa tulee huomioida suunnittelun tavoitetaso mm. kiinteist\u00f6n energialuokitukseen, muihin energias\u00e4\u00e4st\u00f6toimenpiteisiin ja investoinnin kustannuksiin sek\u00e4 takaisinmaksuaikaan. Passiivisissa k\u00e4ytt\u00f6veden esil\u00e4mmityskytkenn\u00f6iss\u00e4 ja painovoimaisessa viem\u00e4rikytkenn\u00e4ss\u00e4 voidaan k\u00e4ytt\u00e4\u00e4 yleens\u00e4 vain yht\u00e4 j\u00e4teveden LTO vaihdinta. Poikkeuksen t\u00e4h\u00e4n luo eritt\u00e4in suurten j\u00e4tevesim\u00e4\u00e4rien LTO-ratkaisut teollisuudessa, pesuloissa tai uimahalleissa. L\u00e4mp\u00f6pumppukytkenn\u00f6iss\u00e4 kiinteist\u00f6\u00f6n voidaan sijoittaa useampia j\u00e4teveden LTO vaihtimia, joista ker\u00e4t\u00e4\u00e4n j\u00e4teveden sis\u00e4lt\u00e4m\u00e4\u00e4 l\u00e4mp\u00f6\u00e4 samaan l\u00e4mp\u00f6pumppupiiriin rinnan- tai sarjakytkenn\u00e4ll\u00e4.<\/p>\n<p>Ecowec-hybridivaihtimet ovat suunniteltu eritt\u00e4in suurien j\u00e4tevesivirtaamien l\u00e4mm\u00f6n talteenottoon, joten suuretkaan teollisuusprosessien virtaamat eiv\u00e4t tuota ongelmia l\u00e4mm\u00f6n talteenottoon. Painovoimaisissa kytkenn\u00f6iss\u00e4 maksimi mitoitusvirtaama on noin 20 l\/s ja paineviem\u00e4r\u00f6inniss\u00e4 maksimi mitoitusvirtaama on noin 100 l\/s.<\/p>\n","protected":false},"excerpt":{"rendered":"<p>Mitoituksen p\u00e4\u00e4kohdat J\u00e4teveden m\u00e4\u00e4r\u00e4 ja l\u00e4mp\u00f6tila Kytkent\u00e4tyyppi J\u00e4tevesivaihtimien m\u00e4\u00e4r\u00e4 J\u00e4teveden m\u00e4\u00e4r\u00e4 ja l\u00e4mp\u00f6tila J\u00e4teveden m\u00e4\u00e4r\u00e4 ja l\u00e4mp\u00f6tila vaikuttavat viem\u00e4riveden mukana hukattavan energiam\u00e4\u00e4r\u00e4\u00e4n.\u00a0 Energiam\u00e4\u00e4r\u00e4 voidaan laskea seuraavasti: E = m C \u0394T, jossa m on j\u00e4teveden m\u00e4\u00e4r\u00e4 (kg), C on veden ominaisl\u00e4mp\u00f6kapasiteetti 4,186 kJ\/(K\u00b7kg) ja \u0394T on l\u00e4mmitetyn veden l\u00e4mp\u00f6tilaero (K). &hellip;<\/p>\n","protected":false},"author":1,"featured_media":0,"parent":0,"menu_order":0,"comment_status":"closed","ping_status":"closed","template":"","meta":[],"translation":{"provider":"WPGlobus","version":"2.6.0","language":"en","enabled_languages":["fi","en"],"languages":{"fi":{"title":true,"content":true,"excerpt":false},"en":{"title":false,"content":false,"excerpt":false}}},"_links":{"self":[{"href":"https:\/\/old.ecopal.fi\/en\/wp-json\/wp\/v2\/pages\/961"}],"collection":[{"href":"https:\/\/old.ecopal.fi\/en\/wp-json\/wp\/v2\/pages"}],"about":[{"href":"https:\/\/old.ecopal.fi\/en\/wp-json\/wp\/v2\/types\/page"}],"author":[{"embeddable":true,"href":"https:\/\/old.ecopal.fi\/en\/wp-json\/wp\/v2\/users\/1"}],"replies":[{"embeddable":true,"href":"https:\/\/old.ecopal.fi\/en\/wp-json\/wp\/v2\/comments?post=961"}],"version-history":[{"count":4,"href":"https:\/\/old.ecopal.fi\/en\/wp-json\/wp\/v2\/pages\/961\/revisions"}],"predecessor-version":[{"id":969,"href":"https:\/\/old.ecopal.fi\/en\/wp-json\/wp\/v2\/pages\/961\/revisions\/969"}],"wp:attachment":[{"href":"https:\/\/old.ecopal.fi\/en\/wp-json\/wp\/v2\/media?parent=961"}],"curies":[{"name":"wp","href":"https:\/\/api.w.org\/{rel}","templated":true}]}}