{"id":970,"date":"2019-01-21T14:26:17","date_gmt":"2019-01-21T12:26:17","guid":{"rendered":"http:\/\/www.ecopal.fi\/?page_id=970"},"modified":"2019-01-21T14:52:55","modified_gmt":"2019-01-21T12:52:55","slug":"jateveden-lto-suunnittelu","status":"publish","type":"page","link":"https:\/\/old.ecopal.fi\/en\/jateveden-lto-suunnittelu\/","title":{"rendered":"J\u00e4teveden LTO suunnittelu"},"content":{"rendered":"<p><strong>Suunnittelun p\u00e4\u00e4kohdat<\/strong><\/p>\n<ol>\n<li><strong>Tilavaraukset<\/strong><\/li>\n<li><strong>Viem\u00e4rikytkenn\u00e4t<\/strong><\/li>\n<li><strong>Kytkent\u00e4tyyppi<\/strong><\/li>\n<li><strong>Tiedonkeruu<\/strong><\/li>\n<\/ol>\n<hr>\n<ol>\n<li><strong>Tilavaraukset<\/strong><\/li>\n<\/ol>\n<p>J\u00e4teveden LTO suunnittelu alkaa j\u00e4teveden LTO vaihtimien tilavarausten m\u00e4\u00e4rittelyll\u00e4 tai sijaintikatselmuksella. Tilavarauksia tarvitaan j\u00e4teveden LTO vaihtimelle ja mahdollisesti my\u00f6s j\u00e4tevesipumppaamolle kiinteist\u00f6n sis\u00e4lle tai ulkopuolelle, l\u00e4mp\u00f6pumpulle sek\u00e4 l\u00e4mmityksen ja k\u00e4ytt\u00f6veden l\u00e4mp\u00f6varaajille. Yleisen\u00e4 tilavaraustarpeena kulkureitteineen voidaan pit\u00e4\u00e4 noin 1,5 m\u00b2 lattiapinta-alaa per j\u00e4teveden LTO vaihdin tai muu j\u00e4rjestelm\u00e4\u00e4n kuuluva l\u00e4mp\u00f6pumppu ja varaaja.<\/p>\n<p>J\u00e4teveden LTO vaihdin sijoitetaan kiinteist\u00f6ss\u00e4 tilaan, jossa yksi tai useampi j\u00e4tevesiviem\u00e4ri sijaitsee. Suositeltavin sijoituspaikka j\u00e4teveden LTO vaihtimelle on kiinteist\u00f6st\u00e4 poistuvan vaakakokoojaviem\u00e4rin l\u00e4hell\u00e4, josta voidaan kiinteist\u00f6n kaikkien tai useamman pystykokoojaviem\u00e4rin sis\u00e4lt\u00e4m\u00e4 j\u00e4tevesi ohjata j\u00e4teveden LTO vaihtimelle. J\u00e4tevesi voidaan my\u00f6s pumpata kiinteist\u00f6n ulkopuolisella j\u00e4tevesipumppaamolla takaisin kiinteist\u00f6n sis\u00e4ll\u00e4 olevaan j\u00e4teveden LTO vaihtimelle, jonka j\u00e4lkeen j\u00e4tevesi palaa j\u00e4\u00e4htyneen\u00e4 kiinteist\u00f6n ulkopuolelle j\u00e4tevesipumppaamon j\u00e4lkeiseen viem\u00e4riliit\u00e4nt\u00e4\u00e4n. Poikkeustapauksissa j\u00e4teveden LTO vaihdin voidaan my\u00f6s sijoittaa kiinteist\u00f6n ulkopuolelle, mutta t\u00e4ll\u00f6in tilavaraus tulee olla v\u00e4hint\u00e4\u00e4n puolil\u00e4mmin tila esim. kontti, vaja tai maanalainen tila j\u00e4\u00e4tymisen est\u00e4v\u00e4ll\u00e4 l\u00e4mmityksell\u00e4.<\/p>\n<hr>\n<ol start=\"2\">\n<li><strong>Viem\u00e4rikytkenn\u00e4t<\/strong><\/li>\n<\/ol>\n<p>Viem\u00e4rikytkenn\u00e4t suunnitellaan joko painovoimaisena viettoviem\u00e4rin\u00e4 tai pumpattuna paineviem\u00e4rin\u00e4 j\u00e4teveden LTO vaihtimeen. Suositeltavaa on k\u00e4ytt\u00e4\u00e4 paineviem\u00e4r\u00f6inti\u00e4 paremman j\u00e4teveden LTO hy\u00f6tysuhteen saavuttamiseksi ja paineviem\u00e4r\u00f6innin aiheuttaman l\u00e4mm\u00f6nsiirtopintojen itsepuhdistuvuuden kannalta. Paineviem\u00e4r\u00f6innin toteuttaminen nostaa j\u00e4teveden LTO hy\u00f6tysuhdetta useita kymmeni\u00e4 prosentteja ja energias\u00e4\u00e4st\u00f6j\u00e4 yleens\u00e4 useita tuhansia. T\u00e4st\u00e4 syyst\u00e4 muutaman tuhannen arvoinen j\u00e4tevesipumppaamo paineviem\u00e4r\u00f6innin toteuttamiseksi on kannattava lis\u00e4investointi. Yleisesti painepumppauksen aiheuttama s\u00e4hk\u00f6kustannus on vain 100 &#8211; 200 \u20ac\/vuosi.<\/p>\n<hr>\n<ol start=\"3\">\n<li><strong>Kytkent\u00e4tyyppi<\/strong><\/li>\n<\/ol>\n<p>J\u00e4teveden LTO vaihdinta voidaan k\u00e4ytt\u00e4\u00e4 passiivisena j\u00e4rjestelm\u00e4n\u00e4 mm. k\u00e4ytt\u00f6veden, allasvesien, pesuvesien ja teollisuusprosessien esil\u00e4mmityksess\u00e4 tai j\u00e4\u00e4hdytyksess\u00e4. Passiivisissa j\u00e4teveden LTO kytkenn\u00f6iss\u00e4 poistuva j\u00e4tevesi esil\u00e4mmitt\u00e4\u00e4 10 bar verkostopaineella liikkuvaa k\u00e4ytt\u00f6vett\u00e4 tai kylm\u00e4\u00e4 vett\u00e4 ennen sen lopullista l\u00e4mmityst\u00e4. Perusversiot j\u00e4teveden LTO vaihtimista on suunniteltu siten, ett\u00e4 ne kest\u00e4v\u00e4t jopa 110 \u00b0C j\u00e4tevett\u00e4 ja 10 bar k\u00e4ytt\u00f6veden verkostopainetta. Erikoisvalmisteisilla j\u00e4teveden LTO vaihtimilla k\u00e4ytt\u00f6l\u00e4mp\u00f6tilaa ja paineluokkaa voidaan tarvittaessa nostaa materiaalivahvuuksia lis\u00e4\u00e4m\u00e4ll\u00e4. Passiivisissa j\u00e4teveden LTO vaihtimen kytkenn\u00f6iss\u00e4 ei yleens\u00e4 tarvita kondenssi- tai l\u00e4mp\u00f6eristyst\u00e4, jos j\u00e4teveden LTO vaihtimen l\u00e4mp\u00f6tila asettuu 10-30 \u00b0C tai l\u00e4helle ymp\u00e4r\u00f6iv\u00e4n tilan l\u00e4mp\u00f6tilaa.<\/p>\n<p>J\u00e4teveden LTO vaihdin voidaan kytke\u00e4 my\u00f6s l\u00e4mp\u00f6pumppuihin, jolloin aktiivinen l\u00e4mp\u00f6pumppu tehostaa LTO-hy\u00f6tysuhdetta j\u00e4\u00e4hdytt\u00e4m\u00e4ll\u00e4 j\u00e4teveden LTO vaihtimen l\u00e4helle 0 \u00b0C. J\u00e4teveden LTO vaihdinta ei saa j\u00e4\u00e4hdytt\u00e4\u00e4 liikaa, jotta sen sis\u00e4ll\u00e4 oleva j\u00e4tevesi ei j\u00e4\u00e4dy ja riko l\u00e4mm\u00f6nsiirtoputkia j\u00e4teveden LTO vaihtimen sis\u00e4ll\u00e4. L\u00e4mp\u00f6pumppua k\u00e4ytett\u00e4ess\u00e4 voidaan useampi j\u00e4teveden LTO vaihdin kytke\u00e4 samaan l\u00e4mp\u00f6pumppuun joko rinnan- tai sarjakytkenn\u00e4ll\u00e4. L\u00e4mp\u00f6pumppukytkent\u00e4\u00e4 suositellaan paremman j\u00e4teveden LTO-hy\u00f6tysuhteen saavuttamiseksi ja yleens\u00e4 nopeamman takaisinmaksuajan takia. L\u00e4mp\u00f6pumppukytkenn\u00f6iss\u00e4 suositellaan kondenssieristett\u00e4 j\u00e4teveden LTO vaihtimen ymp\u00e4rille, jolla estet\u00e4\u00e4n mahdollinen kondenssiveden muodostuminen j\u00e4teveden LTO vaihtimen pinnalle.<\/p>\n<hr>\n<ol start=\"4\">\n<li><strong>Tiedonkeruu<\/strong><\/li>\n<\/ol>\n<p>J\u00e4teveden LTO vaihtimen, l\u00e4mp\u00f6pumpun ja varaajien toimintaa seurataan tiedonkeruuyksik\u00f6ll\u00e4, jolla n\u00e4hd\u00e4\u00e4n j\u00e4rjestelm\u00e4n toiminta, l\u00e4mp\u00f6tilat ja talteen otettu energiam\u00e4\u00e4r\u00e4 sek\u00e4 mahdolliset j\u00e4rjestelm\u00e4h\u00e4lytykset. Tiedonkeruusta saadaan tarvittaessa mobiiliet\u00e4yhteys joko mobiililaitteeseen tai tietokoneeseen. Tiedonkeruuyksikk\u00f6 voidaan kytke\u00e4 my\u00f6s taloautomaatioj\u00e4rjestelm\u00e4\u00e4n, jonka tietojen perusteella voidaan ohjata l\u00e4mp\u00f6pumppua tai muita j\u00e4rjestelm\u00e4n ohjausventtiileit\u00e4. Tiedonkeruuyksikk\u00f6 toimitetaan aina j\u00e4teveden LTO vaihtimen mukana.<\/p>\n","protected":false},"excerpt":{"rendered":"<p>Suunnittelun p\u00e4\u00e4kohdat Tilavaraukset Viem\u00e4rikytkenn\u00e4t Kytkent\u00e4tyyppi Tiedonkeruu Tilavaraukset J\u00e4teveden LTO suunnittelu alkaa j\u00e4teveden LTO vaihtimien tilavarausten m\u00e4\u00e4rittelyll\u00e4 tai sijaintikatselmuksella. Tilavarauksia tarvitaan j\u00e4teveden LTO vaihtimelle ja mahdollisesti my\u00f6s j\u00e4tevesipumppaamolle kiinteist\u00f6n sis\u00e4lle tai ulkopuolelle, l\u00e4mp\u00f6pumpulle sek\u00e4 l\u00e4mmityksen ja k\u00e4ytt\u00f6veden l\u00e4mp\u00f6varaajille. Yleisen\u00e4 tilavaraustarpeena kulkureitteineen voidaan pit\u00e4\u00e4 noin 1,5 m\u00b2 lattiapinta-alaa per j\u00e4teveden LTO vaihdin &hellip;<\/p>\n","protected":false},"author":1,"featured_media":0,"parent":0,"menu_order":0,"comment_status":"closed","ping_status":"closed","template":"","meta":[],"translation":{"provider":"WPGlobus","version":"2.6.0","language":"en","enabled_languages":["fi","en"],"languages":{"fi":{"title":true,"content":true,"excerpt":false},"en":{"title":false,"content":false,"excerpt":false}}},"_links":{"self":[{"href":"https:\/\/old.ecopal.fi\/en\/wp-json\/wp\/v2\/pages\/970"}],"collection":[{"href":"https:\/\/old.ecopal.fi\/en\/wp-json\/wp\/v2\/pages"}],"about":[{"href":"https:\/\/old.ecopal.fi\/en\/wp-json\/wp\/v2\/types\/page"}],"author":[{"embeddable":true,"href":"https:\/\/old.ecopal.fi\/en\/wp-json\/wp\/v2\/users\/1"}],"replies":[{"embeddable":true,"href":"https:\/\/old.ecopal.fi\/en\/wp-json\/wp\/v2\/comments?post=970"}],"version-history":[{"count":3,"href":"https:\/\/old.ecopal.fi\/en\/wp-json\/wp\/v2\/pages\/970\/revisions"}],"predecessor-version":[{"id":975,"href":"https:\/\/old.ecopal.fi\/en\/wp-json\/wp\/v2\/pages\/970\/revisions\/975"}],"wp:attachment":[{"href":"https:\/\/old.ecopal.fi\/en\/wp-json\/wp\/v2\/media?parent=970"}],"curies":[{"name":"wp","href":"https:\/\/api.w.org\/{rel}","templated":true}]}}