{"id":98,"date":"2017-07-14T11:06:16","date_gmt":"2017-07-14T08:06:16","guid":{"rendered":"http:\/\/new.ecopal.fi\/?page_id=98"},"modified":"2017-07-31T14:12:17","modified_gmt":"2017-07-31T11:12:17","slug":"projektipalvelu","status":"publish","type":"page","link":"https:\/\/old.ecopal.fi\/en\/projektipalvelu\/","title":{"rendered":"Ecopal S\u00e4\u00e4st\u00f6sopimus"},"content":{"rendered":"<p>Saat meilt\u00e4 haluamasi tuotteet ja palvelut Ecopal S\u00e4\u00e4st\u00f6sopimuksella helposti ja riskitt\u00f6m\u00e4sti.<\/p>\n<p>Tarjoamamme energiaratkaisut toiminta-, tuotto- ja hyvitystakuulla jopa ilman investointia kk-maksulla.<\/p>\n","protected":false},"excerpt":{"rendered":"<p>Saat meilt\u00e4 haluamasi tuotteet ja palvelut Ecopal S\u00e4\u00e4st\u00f6sopimuksella helposti ja riskitt\u00f6m\u00e4sti. Tarjoamamme energiaratkaisut toiminta-, tuotto- ja hyvitystakuulla jopa ilman investointia kk-maksulla.<\/p>\n","protected":false},"author":1,"featured_media":0,"parent":0,"menu_order":0,"comment_status":"closed","ping_status":"closed","template":"","meta":[],"translation":{"provider":"WPGlobus","version":"2.6.0","language":"en","enabled_languages":["fi","en"],"languages":{"fi":{"title":true,"content":true,"excerpt":false},"en":{"title":false,"content":false,"excerpt":false}}},"_links":{"self":[{"href":"https:\/\/old.ecopal.fi\/en\/wp-json\/wp\/v2\/pages\/98"}],"collection":[{"href":"https:\/\/old.ecopal.fi\/en\/wp-json\/wp\/v2\/pages"}],"about":[{"href":"https:\/\/old.ecopal.fi\/en\/wp-json\/wp\/v2\/types\/page"}],"author":[{"embeddable":true,"href":"https:\/\/old.ecopal.fi\/en\/wp-json\/wp\/v2\/users\/1"}],"replies":[{"embeddable":true,"href":"https:\/\/old.ecopal.fi\/en\/wp-json\/wp\/v2\/comments?post=98"}],"version-history":[{"count":6,"href":"https:\/\/old.ecopal.fi\/en\/wp-json\/wp\/v2\/pages\/98\/revisions"}],"predecessor-version":[{"id":160,"href":"https:\/\/old.ecopal.fi\/en\/wp-json\/wp\/v2\/pages\/98\/revisions\/160"}],"wp:attachment":[{"href":"https:\/\/old.ecopal.fi\/en\/wp-json\/wp\/v2\/media?parent=98"}],"curies":[{"name":"wp","href":"https:\/\/api.w.org\/{rel}","templated":true}]}}