{"id":987,"date":"2019-01-29T16:01:15","date_gmt":"2019-01-29T14:01:15","guid":{"rendered":"http:\/\/www.ecopal.fi\/?page_id=987"},"modified":"2019-01-29T16:01:15","modified_gmt":"2019-01-29T14:01:15","slug":"tuotto-ja-saasto","status":"publish","type":"page","link":"https:\/\/old.ecopal.fi\/en\/tuotto-ja-saasto\/","title":{"rendered":"Tuotto ja s\u00e4\u00e4st\u00f6"},"content":{"rendered":"<p><strong>Tuottolaskelman p\u00e4\u00e4kohdat<\/strong><\/p>\n<ol>\n<li><strong>Yleist\u00e4 j\u00e4teveden LTO:n tuotosta<\/strong><\/li>\n<li><strong>J\u00e4teveden m\u00e4\u00e4r\u00e4 ja l\u00e4mp\u00f6tila<\/strong><\/li>\n<li><strong>LTO-kytkenn\u00e4n tyyppi<\/strong><\/li>\n<li><strong>J\u00e4tevesivaihtimen malli<\/strong><\/li>\n<li><strong>J\u00e4tevesivaihtimien m\u00e4\u00e4r\u00e4<\/strong><\/li>\n<li><strong>Valintataulukkojen k\u00e4ytt\u00f6<\/strong><\/li>\n<\/ol>\n<p>&nbsp;<\/p>\n<ol>\n<li><strong>Yleist\u00e4 j\u00e4teveden LTO:n tuotosta<\/strong><\/li>\n<\/ol>\n<p>Kiinteist\u00f6kohtaisen j\u00e4teveden LTO:lle mittaamiseen ei ole m\u00e4\u00e4ritelty standardeja, joiden mukaan eri j\u00e4teveden LTO vaihtimia voidaan vertailla kesken\u00e4\u00e4n samoilla testimenetelmill\u00e4. Testauksen standardoinnin puute aiheuttaa my\u00f6s tuotestandardien puutteen, jolloin tuotteille ei l\u00f6ydy harmonisoituja tuotestandardeja, eik\u00e4 niit\u00e4 voida merkit\u00e4 esim. CE-merkill\u00e4 tai muilla laatumerkinn\u00f6ill\u00e4. T\u00e4st\u00e4 syyst\u00e4 laitevalmistajat esitt\u00e4v\u00e4t omien tuotteidensa teho ja hy\u00f6tysuhdetaulukot parhaimmalla n\u00e4kem\u00e4ll\u00e4\u00e4n tavalla.<\/p>\n<p>&nbsp;<\/p>\n<ol start=\"2\">\n<li><strong>J\u00e4teveden m\u00e4\u00e4r\u00e4 ja l\u00e4mp\u00f6tila<\/strong><\/li>\n<\/ol>\n<p>J\u00e4teveden m\u00e4\u00e4r\u00e4 ja l\u00e4mp\u00f6tila vaikuttavat oleellisesti j\u00e4teveden LTO-j\u00e4rjestelm\u00e4n tuottoon tai s\u00e4\u00e4st\u00f6\u00f6n. Lis\u00e4ksi kiinteist\u00f6tyyppi vaikuttaa yleisesti viem\u00e4r\u00f6it\u00e4v\u00e4n j\u00e4teveden sis\u00e4lt\u00f6\u00f6n ja viem\u00e4riveden virtausaikoihin. Asuinkiinteist\u00f6iss\u00e4 sekaviem\u00e4r\u00f6inti (wc- ja pesuvedet) ovat keskim\u00e4\u00e4rin noin 26 \u00b0C, kylpyl\u00f6iss\u00e4 sek\u00e4 uimahalleissa (pesuvedet) noin 32 \u00b0C, suurtalouskeitti\u00f6iss\u00e4 ja hotelleissa (keitti\u00f6- ja huoneistojen pesuvedet) noin 35 \u00b0C sek\u00e4 teollisuusprosesseissa 10-150 \u00b0C. Keskim\u00e4\u00e4r\u00e4isin\u00e4 j\u00e4teveden virtausaikoina voidaan olettaa olevan asuinkiinteist\u00f6iss\u00e4 18 tuntia, uimahalleissa ja kylpyl\u00f6iss\u00e4 12-18 tuntia, hotelleissa 18-20 tuntia ja teollisuusprosesseissa 12-24 tuntia vuorokaudessa.<\/p>\n<p>&nbsp;<\/p>\n<ol start=\"3\">\n<li><strong>LTO-kytkenn\u00e4n tyyppi<\/strong><\/li>\n<\/ol>\n<p>Valittu j\u00e4teveden LTO-kytkent\u00e4malli vaikuttaa merkitt\u00e4v\u00e4sti j\u00e4teveden LTO vaihtimen hy\u00f6tysuhteeseen ja talteen otettavan l\u00e4mp\u00f6energian m\u00e4\u00e4r\u00e4\u00e4n. Merkitt\u00e4vin tekij\u00e4 l\u00e4mm\u00f6nsiirron tehokkuudessa on j\u00e4teveden ja l\u00e4mp\u00f6\u00e4 siirt\u00e4v\u00e4n toisionesteen l\u00e4mp\u00f6tilaero. Jos l\u00e4mp\u00f6tilaero on pieni, niin l\u00e4mm\u00f6nsiirron tehokkuus on heikkoa.<\/p>\n<p>Asuinkiinteist\u00f6iss\u00e4 poistuvan j\u00e4teveden keskil\u00e4mp\u00f6tila on yleens\u00e4 26 \u00b0C ja kylm\u00e4n k\u00e4ytt\u00f6veden l\u00e4mp\u00f6tila vaihtelee talvi-kes\u00e4aikana noin 5-12 \u00b0C, jolloin l\u00e4mp\u00f6tilaero on huonoimmillaan vain 14 \u00b0C. Pienest\u00e4 l\u00e4mp\u00f6tilaerosta johtuen k\u00e4ytt\u00f6veden esil\u00e4mmitys j\u00e4teveden l\u00e4mm\u00f6ll\u00e4 ei ole tehokkain j\u00e4teveden LTO-kytkent\u00e4tyyppi.<\/p>\n<p>LTO-hy\u00f6tysuhdetta voidaan parantaa merkitt\u00e4v\u00e4sti lis\u00e4\u00e4m\u00e4ll\u00e4 j\u00e4rjestelm\u00e4\u00e4n l\u00e4mp\u00f6pumppu, jolla toisionesteen l\u00e4mp\u00f6tilaa voidaan laskea l\u00e4helle 0 \u00b0C. S\u00e4\u00e4t\u00e4m\u00e4ll\u00e4 toisionesteen l\u00e4mp\u00f6tila l\u00e4hell\u00e4 0 \u00b0C:een saadaan j\u00e4teveden LTO vaihtimen hy\u00f6tysuhde nostettua optimaaliseen toimintatasoon. Lis\u00e4\u00e4m\u00e4ll\u00e4 l\u00e4mp\u00f6pumppu voidaan j\u00e4teveden l\u00e4mp\u00f6\u00e4 ker\u00e4t\u00e4 my\u00f6s useammalla j\u00e4teveden LTO vaihtimella samanaikaisesti.<\/p>\n<p>&nbsp;<\/p>\n<ol start=\"4\">\n<li><strong>J\u00e4tevesivaihtimen malli<\/strong><\/li>\n<\/ol>\n<p>J\u00e4teveden LTO vaihtimia (Ecowec-hybridivaihtimia) l\u00f6ytyy useampaa mallia, joiden tekniset ominaisuudet vaihtelevat suunniteltujen k\u00e4ytt\u00f6kohteiden mukaan. Ecowec-hybridivaihtimia valmistetaan jatkuviin teollisuusprosesseihin, h\u00f6yryjen ja lauhteiden l\u00e4mm\u00f6nsiirtoon, aggressiivisten j\u00e4tevesien ja paljon kiintoainesta sis\u00e4lt\u00e4vien, suurtalouskeitti\u00f6iden, pesuloiden, kylpyl\u00f6iden ja uimahallien sek\u00e4 asuinkiinteist\u00f6iden j\u00e4tevesille. Soveltuvin Ecowec-hybridivaihdin valitaan kiinteist\u00f6n, j\u00e4teveden laadun, l\u00e4mp\u00f6tilan ja k\u00e4ytt\u00f6sovelluksen mukaan.<\/p>\n<p>&nbsp;<\/p>\n<ol start=\"5\">\n<li><strong>J\u00e4tevesivaihtimien m\u00e4\u00e4r\u00e4<\/strong><\/li>\n<\/ol>\n<p>L\u00e4mm\u00f6nsiirron teho ja hy\u00f6tysuhde vaihtelee j\u00e4teveden sek\u00e4 toisionesteen l\u00e4mp\u00f6tilan ja virtauksen, k\u00e4ytt\u00f6ajan, l\u00e4mm\u00f6nvaihtimen mallin sek\u00e4 valitun kytkent\u00e4mallin perusteella. Kuten yleens\u00e4kin l\u00e4mm\u00f6nsiirrossa muuttuvia tekij\u00f6it\u00e4 ja parametreja on useita ja niiden kombinaatioita viel\u00e4 enemm\u00e4n. T\u00e4st\u00e4 syyst\u00e4 yksinkertaista vastausta kysymykseen \u201dPaljonko j\u00e4teveden LTO vaihtimen teho tai tuotto on?\u201d ei ole, vaan se pit\u00e4\u00e4 arvioida kohteen todennettujen tai arvioitujen l\u00e4ht\u00f6tietojen perusteella.<\/p>\n<p>J\u00e4teveden virtaaman ja halutun l\u00e4mm\u00f6nsiirron tehon, hy\u00f6tysuhteen ja tuoton perusteella valitaan sopivin vaihdintyyppi ja koko. Jos yhdell\u00e4 j\u00e4teveden LTO vaihtimella ei saavuteta haluttua tuottoa, niin suosituksena on lis\u00e4t\u00e4 vaihtimien lukum\u00e4\u00e4r\u00e4\u00e4 halutun LTO tason saavuttamiseksi.<\/p>\n<p>&nbsp;<\/p>\n<ol start=\"6\">\n<li><strong>Valintataulukkojen k\u00e4ytt\u00f6<\/strong><\/li>\n<\/ol>\n<p>Laitevalmistajat voivat antaa teho tai tuottotaukoita eri LTO vaihtimien toiminnasta eri toimintapisteist\u00e4. Ecowec-hybridivaihtimista on luotu suuntaa antavat tuottotaulukot, joiden perusteella kiinteist\u00f6ihin tai prosesseihin voidaan valita sopivin Ecowec-hybridivaihdin, m\u00e4\u00e4r\u00e4 ja kytkent\u00e4tyyppi.<\/p>\n<p>Valintaohje:<\/p>\n<ul>\n<li>Valitse kiinteist\u00f6\u00f6n sopiva taulukko (asuinkiinteist\u00f6 tai kylpyl\u00e4)<\/li>\n<li>Valitse taulukon ala-akselilta kiinteist\u00f6st\u00e4 tai prosessista poistuvan j\u00e4teveden m\u00e4\u00e4r\u00e4 (m\u00b3\/vuosi)<\/li>\n<li>Valitse haluttu vaihdinmalli ja m\u00e4\u00e4r\u00e4 (1-2 kpl)<\/li>\n<li>Lue saavutettava energiam\u00e4\u00e4r\u00e4n tuotto pystyakselilta (kWh\/vuosi)<\/li>\n<\/ul>\n<p><strong>Taulukot ovat suuntaa antavia laskennallisia tuottoja, jotka voivat erota k\u00e4yt\u00f6naikaisista tuloksista.<\/strong><\/p>\n<p>&nbsp;<\/p>\n<p><img loading=\"lazy\" class=\"aligncenter size-full wp-image-988\" src=\"http:\/\/www.ecopal.fi\/wp-content\/uploads\/2019\/01\/lto_kaavio_vaihtimet.png\" alt=\"\" width=\"1600\" height=\"800\" srcset=\"https:\/\/old.ecopal.fi\/wp-content\/uploads\/2019\/01\/lto_kaavio_vaihtimet.png 1600w, https:\/\/old.ecopal.fi\/wp-content\/uploads\/2019\/01\/lto_kaavio_vaihtimet-300x150.png 300w, https:\/\/old.ecopal.fi\/wp-content\/uploads\/2019\/01\/lto_kaavio_vaihtimet-1024x512.png 1024w, https:\/\/old.ecopal.fi\/wp-content\/uploads\/2019\/01\/lto_kaavio_vaihtimet-768x384.png 768w\" sizes=\"(max-width: 1600px) 100vw, 1600px\" \/><\/p>\n<p><img loading=\"lazy\" class=\"aligncenter size-full wp-image-989\" src=\"http:\/\/www.ecopal.fi\/wp-content\/uploads\/2019\/01\/lto_kaavio_uimahalli.png\" alt=\"\" width=\"1600\" height=\"800\" srcset=\"https:\/\/old.ecopal.fi\/wp-content\/uploads\/2019\/01\/lto_kaavio_uimahalli.png 1600w, https:\/\/old.ecopal.fi\/wp-content\/uploads\/2019\/01\/lto_kaavio_uimahalli-300x150.png 300w, https:\/\/old.ecopal.fi\/wp-content\/uploads\/2019\/01\/lto_kaavio_uimahalli-1024x512.png 1024w, https:\/\/old.ecopal.fi\/wp-content\/uploads\/2019\/01\/lto_kaavio_uimahalli-768x384.png 768w\" sizes=\"(max-width: 1600px) 100vw, 1600px\" \/><\/p>\n<p>&nbsp;<\/p>\n<p>&nbsp;<\/p>\n","protected":false},"excerpt":{"rendered":"<p>Tuottolaskelman p\u00e4\u00e4kohdat Yleist\u00e4 j\u00e4teveden LTO:n tuotosta J\u00e4teveden m\u00e4\u00e4r\u00e4 ja l\u00e4mp\u00f6tila LTO-kytkenn\u00e4n tyyppi J\u00e4tevesivaihtimen malli J\u00e4tevesivaihtimien m\u00e4\u00e4r\u00e4 Valintataulukkojen k\u00e4ytt\u00f6 &nbsp; Yleist\u00e4 j\u00e4teveden LTO:n tuotosta Kiinteist\u00f6kohtaisen j\u00e4teveden LTO:lle mittaamiseen ei ole m\u00e4\u00e4ritelty standardeja, joiden mukaan eri j\u00e4teveden LTO vaihtimia voidaan vertailla kesken\u00e4\u00e4n samoilla testimenetelmill\u00e4. Testauksen standardoinnin puute aiheuttaa my\u00f6s tuotestandardien puutteen, jolloin &hellip;<\/p>\n","protected":false},"author":1,"featured_media":0,"parent":0,"menu_order":0,"comment_status":"closed","ping_status":"closed","template":"","meta":[],"translation":{"provider":"WPGlobus","version":"2.6.0","language":"en","enabled_languages":["fi","en"],"languages":{"fi":{"title":true,"content":true,"excerpt":false},"en":{"title":false,"content":false,"excerpt":false}}},"_links":{"self":[{"href":"https:\/\/old.ecopal.fi\/en\/wp-json\/wp\/v2\/pages\/987"}],"collection":[{"href":"https:\/\/old.ecopal.fi\/en\/wp-json\/wp\/v2\/pages"}],"about":[{"href":"https:\/\/old.ecopal.fi\/en\/wp-json\/wp\/v2\/types\/page"}],"author":[{"embeddable":true,"href":"https:\/\/old.ecopal.fi\/en\/wp-json\/wp\/v2\/users\/1"}],"replies":[{"embeddable":true,"href":"https:\/\/old.ecopal.fi\/en\/wp-json\/wp\/v2\/comments?post=987"}],"version-history":[{"count":1,"href":"https:\/\/old.ecopal.fi\/en\/wp-json\/wp\/v2\/pages\/987\/revisions"}],"predecessor-version":[{"id":990,"href":"https:\/\/old.ecopal.fi\/en\/wp-json\/wp\/v2\/pages\/987\/revisions\/990"}],"wp:attachment":[{"href":"https:\/\/old.ecopal.fi\/en\/wp-json\/wp\/v2\/media?parent=987"}],"curies":[{"name":"wp","href":"https:\/\/api.w.org\/{rel}","templated":true}]}}