{"id":995,"date":"2019-01-29T16:22:07","date_gmt":"2019-01-29T14:22:07","guid":{"rendered":"http:\/\/www.ecopal.fi\/?page_id=995"},"modified":"2019-01-29T16:43:41","modified_gmt":"2019-01-29T14:43:41","slug":"hinnasto-2019","status":"publish","type":"page","link":"https:\/\/old.ecopal.fi\/en\/hinnasto-2019\/","title":{"rendered":"Hinnasto 2019"},"content":{"rendered":"<h3>Hinnasto 1.2.2019<\/h3>\n<p><strong>Ecowec-hybridivaihtimet 2 vuoden tuotetakuulla<\/strong><br \/>\nSis\u00e4lt\u00e4v\u00e4t Ecowec-hybridivaihtimen, et\u00e4seurantaj\u00e4rjestelm\u00e4n ja k\u00e4ytt\u00f6\u00f6nottotarkastuksen.<br \/>\nHintoihin lis\u00e4t\u00e4\u00e4n arvonlis\u00e4vero 24 %. Ecopal Oy pid\u00e4tt\u00e4\u00e4 oikeuden hinnanmuutoksiin.<\/p>\n<hr>\n<p>[ms_row] [ms_column style=&#8221;1\/4&#8243; align=&#8221;left&#8221; class=&#8221;&#8221; id=&#8221;&#8221;]<strong>Ecowec-malli<\/strong>[\/ms_column]<br \/>\n[ms_column style=&#8221;1\/4&#8243; align=&#8221;left&#8221; class=&#8221;&#8221; id=&#8221;&#8221;]<strong>Paineluokka<\/strong>[\/ms_column]<br \/>\n[ms_column style=&#8221;1\/4&#8243; align=&#8221;left&#8221; class=&#8221;&#8221; id=&#8221;&#8221;]<strong>Suositus<\/strong>[\/ms_column]<br \/>\n[ms_column style=&#8221;1\/4&#8243; align=&#8221;left&#8221; class=&#8221;&#8221; id=&#8221;&#8221;]<strong>Alv. 0 %<\/strong>[\/ms_column] [\/ms_row]<\/p>\n<p>[ms_row] [ms_column style=&#8221;1\/4&#8243; align=&#8221;left&#8221; class=&#8221;&#8221; id=&#8221;&#8221;]PR10 HST[\/ms_column]<br \/>\n[ms_column style=&#8221;1\/4&#8243; align=&#8221;left&#8221; class=&#8221;&#8221; id=&#8221;&#8221;]PN6[\/ms_column]<br \/>\n[ms_column style=&#8221;1\/4&#8243; align=&#8221;left&#8221; class=&#8221;&#8221; id=&#8221;&#8221;]Pesulat ja prosessiteollisuus[\/ms_column]<br \/>\n[ms_column style=&#8221;1\/4&#8243; align=&#8221;left&#8221; class=&#8221;&#8221; id=&#8221;&#8221;]47 790 \u20ac[\/ms_column] [\/ms_row]<\/p>\n<p>[ms_row] [ms_column style=&#8221;1\/4&#8243; align=&#8221;left&#8221; class=&#8221;&#8221; id=&#8221;&#8221;]XR10 HST[\/ms_column]<br \/>\n[ms_column style=&#8221;1\/4&#8243; align=&#8221;left&#8221; class=&#8221;&#8221; id=&#8221;&#8221;]PN6[\/ms_column]<br \/>\n[ms_column style=&#8221;1\/4&#8243; align=&#8221;left&#8221; class=&#8221;&#8221; id=&#8221;&#8221;]Pesulat ja prosessiteollisuus[\/ms_column]<br \/>\n[ms_column style=&#8221;1\/4&#8243; align=&#8221;left&#8221; class=&#8221;&#8221; id=&#8221;&#8221;]36 590 \u20ac[\/ms_column] [\/ms_row]<\/p>\n<p>[ms_row] [ms_column style=&#8221;1\/4&#8243; align=&#8221;left&#8221; class=&#8221;&#8221; id=&#8221;&#8221;]R10 HST[\/ms_column]<br \/>\n[ms_column style=&#8221;1\/4&#8243; align=&#8221;left&#8221; class=&#8221;&#8221; id=&#8221;&#8221;]PN4[\/ms_column]<br \/>\n[ms_column style=&#8221;1\/4&#8243; align=&#8221;left&#8221; class=&#8221;&#8221; id=&#8221;&#8221;]Uimahallit ja kylpyl\u00e4t[\/ms_column]<br \/>\n[ms_column style=&#8221;1\/4&#8243; align=&#8221;left&#8221; class=&#8221;&#8221; id=&#8221;&#8221;]32 290 \u20ac[\/ms_column] [\/ms_row]<\/p>\n<p>[ms_row] [ms_column style=&#8221;1\/4&#8243; align=&#8221;left&#8221; class=&#8221;&#8221; id=&#8221;&#8221;]R10[\/ms_column]<br \/>\n[ms_column style=&#8221;1\/4&#8243; align=&#8221;left&#8221; class=&#8221;&#8221; id=&#8221;&#8221;]PN4[\/ms_column]<br \/>\n[ms_column style=&#8221;1\/4&#8243; align=&#8221;left&#8221; class=&#8221;&#8221; id=&#8221;&#8221;]Hotellit ja kerrostalot[\/ms_column]<br \/>\n[ms_column style=&#8221;1\/4&#8243; align=&#8221;left&#8221; class=&#8221;&#8221; id=&#8221;&#8221;]26 820 \u20ac[\/ms_column] [\/ms_row]<\/p>\n<p>[ms_row] [ms_column style=&#8221;1\/4&#8243; align=&#8221;left&#8221; class=&#8221;&#8221; id=&#8221;&#8221;]R08[\/ms_column]<br \/>\n[ms_column style=&#8221;1\/4&#8243; align=&#8221;left&#8221; class=&#8221;&#8221; id=&#8221;&#8221;]PN4[\/ms_column]<br \/>\n[ms_column style=&#8221;1\/4&#8243; align=&#8221;left&#8221; class=&#8221;&#8221; id=&#8221;&#8221;]Hotellit ja kerrostalot[\/ms_column]<br \/>\n[ms_column style=&#8221;1\/4&#8243; align=&#8221;left&#8221; class=&#8221;&#8221; id=&#8221;&#8221;]25 190 \u20ac[\/ms_column] [\/ms_row]<\/p>\n<p>[ms_row] [ms_column style=&#8221;1\/4&#8243; align=&#8221;left&#8221; class=&#8221;&#8221; id=&#8221;&#8221;]R03[\/ms_column]<br \/>\n[ms_column style=&#8221;1\/4&#8243; align=&#8221;left&#8221; class=&#8221;&#8221; id=&#8221;&#8221;]PN4[\/ms_column]<br \/>\n[ms_column style=&#8221;1\/4&#8243; align=&#8221;left&#8221; class=&#8221;&#8221; id=&#8221;&#8221;]Kerrostalot ja rivitalot[\/ms_column]<br \/>\n[ms_column style=&#8221;1\/4&#8243; align=&#8221;left&#8221; class=&#8221;&#8221; id=&#8221;&#8221;]22 040 \u20ac[\/ms_column] [\/ms_row]<\/p>\n<p>[ms_row] [ms_column style=&#8221;2\/3&#8243; align=&#8221;left&#8221; class=&#8221;&#8221; id=&#8221;&#8221;]Hintoihin lis\u00e4t\u00e4\u00e4n toimitus- ja rahtimaksu 600 \u20ac.[\/ms_column] [\/ms_row]<\/p>\n<hr>\n<p>[ms_row] [ms_column style=&#8221;1\/4&#8243; align=&#8221;left&#8221; class=&#8221;&#8221; id=&#8221;&#8221;]<strong>Lis\u00e4tuotteet<\/strong>[\/ms_column]<br \/>\n[ms_column style=&#8221;1\/4&#8243; align=&#8221;left&#8221; class=&#8221;&#8221; id=&#8221;&#8221;][\/ms_column]<br \/>\n[ms_column style=&#8221;1\/4&#8243; align=&#8221;left&#8221; class=&#8221;&#8221; id=&#8221;&#8221;]<strong>Suositus<\/strong>[\/ms_column]<br \/>\n[ms_column style=&#8221;1\/4&#8243; align=&#8221;left&#8221; class=&#8221;&#8221; id=&#8221;&#8221;][\/ms_column] [\/ms_row]<\/p>\n<p>[ms_row] [ms_column style=&#8221;1\/4&#8243; align=&#8221;left&#8221; class=&#8221;&#8221; id=&#8221;&#8221;]R10-lis\u00e4l\u00e4mm\u00f6nvaihtimet[\/ms_column]<br \/>\n[ms_column style=&#8221;1\/4&#8243; align=&#8221;left&#8221; class=&#8221;&#8221; id=&#8221;&#8221;][\/ms_column]<br \/>\n[ms_column style=&#8221;1\/4&#8243; align=&#8221;left&#8221; class=&#8221;&#8221; id=&#8221;&#8221;]K\u00e4ytt\u00f6veden esil\u00e4mmityskytkent\u00e4\u00e4n[\/ms_column]<br \/>\n[ms_column style=&#8221;1\/4&#8243; align=&#8221;left&#8221; class=&#8221;&#8221; id=&#8221;&#8221;]2 350 \u20ac[\/ms_column] [\/ms_row]<br \/>\n[ms_row] [ms_column style=&#8221;1\/4&#8243; align=&#8221;left&#8221; class=&#8221;&#8221; id=&#8221;&#8221;]R08-lis\u00e4l\u00e4mm\u00f6nvaihtimet[\/ms_column]<br \/>\n[ms_column style=&#8221;1\/4&#8243; align=&#8221;left&#8221; class=&#8221;&#8221; id=&#8221;&#8221;][\/ms_column]<br \/>\n[ms_column style=&#8221;1\/4&#8243; align=&#8221;left&#8221; class=&#8221;&#8221; id=&#8221;&#8221;]K\u00e4ytt\u00f6veden esil\u00e4mmityskytkent\u00e4\u00e4n[\/ms_column]<br \/>\n[ms_column style=&#8221;1\/4&#8243; align=&#8221;left&#8221; class=&#8221;&#8221; id=&#8221;&#8221;]1 790 \u20ac[\/ms_column] [\/ms_row]<br \/>\n[ms_row] [ms_column style=&#8221;1\/4&#8243; align=&#8221;left&#8221; class=&#8221;&#8221; id=&#8221;&#8221;]R03-lis\u00e4l\u00e4mm\u00f6nvaihtimet[\/ms_column]<br \/>\n[ms_column style=&#8221;1\/4&#8243; align=&#8221;left&#8221; class=&#8221;&#8221; id=&#8221;&#8221;][\/ms_column]<br \/>\n[ms_column style=&#8221;1\/4&#8243; align=&#8221;left&#8221; class=&#8221;&#8221; id=&#8221;&#8221;]K\u00e4ytt\u00f6veden esil\u00e4mmityskytkent\u00e4\u00e4n[\/ms_column]<br \/>\n[ms_column style=&#8221;1\/4&#8243; align=&#8221;left&#8221; class=&#8221;&#8221; id=&#8221;&#8221;]1 090 \u20ac[\/ms_column] [\/ms_row]<br \/>\n[ms_row] [ms_column style=&#8221;1\/4&#8243; align=&#8221;left&#8221; class=&#8221;&#8221; id=&#8221;&#8221;]R10-kondenssieriste[\/ms_column]<br \/>\n[ms_column style=&#8221;1\/4&#8243; align=&#8221;left&#8221; class=&#8221;&#8221; id=&#8221;&#8221;][\/ms_column]<br \/>\n[ms_column style=&#8221;1\/4&#8243; align=&#8221;left&#8221; class=&#8221;&#8221; id=&#8221;&#8221;]L\u00e4mp\u00f6pumppukytkent\u00e4\u00e4n[\/ms_column]<br \/>\n[ms_column style=&#8221;1\/4&#8243; align=&#8221;left&#8221; class=&#8221;&#8221; id=&#8221;&#8221;]980 \u20ac[\/ms_column] [\/ms_row]<br \/>\n[ms_row] [ms_column style=&#8221;1\/4&#8243; align=&#8221;left&#8221; class=&#8221;&#8221; id=&#8221;&#8221;]R08-kondenssieriste[\/ms_column]<br \/>\n[ms_column style=&#8221;1\/4&#8243; align=&#8221;left&#8221; class=&#8221;&#8221; id=&#8221;&#8221;][\/ms_column]<br \/>\n[ms_column style=&#8221;1\/4&#8243; align=&#8221;left&#8221; class=&#8221;&#8221; id=&#8221;&#8221;]L\u00e4mp\u00f6pumppukytkent\u00e4\u00e4n[\/ms_column]<br \/>\n[ms_column style=&#8221;1\/4&#8243; align=&#8221;left&#8221; class=&#8221;&#8221; id=&#8221;&#8221;]870 \u20ac[\/ms_column] [\/ms_row]<br \/>\n[ms_row] [ms_column style=&#8221;1\/4&#8243; align=&#8221;left&#8221; class=&#8221;&#8221; id=&#8221;&#8221;]R03-kondenssieriste[\/ms_column]<br \/>\n[ms_column style=&#8221;1\/4&#8243; align=&#8221;left&#8221; class=&#8221;&#8221; id=&#8221;&#8221;][\/ms_column]<br \/>\n[ms_column style=&#8221;1\/4&#8243; align=&#8221;left&#8221; class=&#8221;&#8221; id=&#8221;&#8221;]L\u00e4mp\u00f6pumppukytkent\u00e4\u00e4n[\/ms_column]<br \/>\n[ms_column style=&#8221;1\/4&#8243; align=&#8221;left&#8221; class=&#8221;&#8221; id=&#8221;&#8221;]570 \u20ac[\/ms_column] [\/ms_row]<\/p>\n<hr>\n<p>[ms_row] [ms_column style=&#8221;1\/3&#8243; align=&#8221;left&#8221; class=&#8221;&#8221; id=&#8221;&#8221;]<strong>Lis\u00e4palvelut<\/strong>[\/ms_column] [\/ms_row]<\/p>\n<p>[ms_row] [ms_column style=&#8221;3\/4&#8243; align=&#8221;left&#8221; class=&#8221;&#8221; id=&#8221;&#8221;]Asennuskonsultointi[\/ms_column]<br \/>\n[ms_column style=&#8221;1\/4&#8243; align=&#8221;left&#8221; class=&#8221;&#8221; id=&#8221;&#8221;]85 \u20ac&nbsp;\/tunti[\/ms_column] [\/ms_row]<\/p>\n<p>[ms_row] [ms_column style=&#8221;2\/3&#8243; align=&#8221;left&#8221; class=&#8221;&#8221; id=&#8221;&#8221;]Sis\u00e4lt\u00e4\u00e4 asennuskoulutusta ja -neuvontaa. Matkakulut laskutetaan erikseen.[\/ms_column] [\/ms_row]<\/p>\n<p>[ms_row] [ms_column style=&#8221;3\/4&#8243; align=&#8221;left&#8221; class=&#8221;&#8221; id=&#8221;&#8221;]Asennuspalvelu[\/ms_column]<br \/>\n[ms_column style=&#8221;1\/4&#8243; align=&#8221;left&#8221; class=&#8221;&#8221; id=&#8221;&#8221;]Kysy tarjous myyj\u00e4lt\u00e4[\/ms_column] [\/ms_row]<\/p>\n<p>[ms_row] [ms_column style=&#8221;2\/3&#8243; align=&#8221;left&#8221; class=&#8221;&#8221; id=&#8221;&#8221;]Sis\u00e4lt\u00e4\u00e4 Ecowec- ja muut laiteasennukset sek\u00e4 k\u00e4ytt\u00f6\u00f6noton kiinteist\u00f6ss\u00e4.[\/ms_column] [\/ms_row]<\/p>\n","protected":false},"excerpt":{"rendered":"<p>Hinnasto 1.2.2019 Ecowec-hybridivaihtimet 2 vuoden tuotetakuulla Sis\u00e4lt\u00e4v\u00e4t Ecowec-hybridivaihtimen, et\u00e4seurantaj\u00e4rjestelm\u00e4n ja k\u00e4ytt\u00f6\u00f6nottotarkastuksen. Hintoihin lis\u00e4t\u00e4\u00e4n arvonlis\u00e4vero 24 %. Ecopal Oy pid\u00e4tt\u00e4\u00e4 oikeuden hinnanmuutoksiin. [ms_row] [ms_column style=&#8221;1\/4&#8243; align=&#8221;left&#8221; class=&#8221;&#8221; id=&#8221;&#8221;]Ecowec-malli[\/ms_column] [ms_column style=&#8221;1\/4&#8243; align=&#8221;left&#8221; class=&#8221;&#8221; id=&#8221;&#8221;]Paineluokka[\/ms_column] [ms_column style=&#8221;1\/4&#8243; align=&#8221;left&#8221; class=&#8221;&#8221; id=&#8221;&#8221;]Suositus[\/ms_column] [ms_column style=&#8221;1\/4&#8243; align=&#8221;left&#8221; class=&#8221;&#8221; id=&#8221;&#8221;]Alv. 0 %[\/ms_column] [\/ms_row] [ms_row] [ms_column style=&#8221;1\/4&#8243; align=&#8221;left&#8221; class=&#8221;&#8221; &hellip;<\/p>\n","protected":false},"author":1,"featured_media":0,"parent":0,"menu_order":0,"comment_status":"closed","ping_status":"closed","template":"","meta":[],"translation":{"provider":"WPGlobus","version":"2.6.0","language":"en","enabled_languages":["fi","en"],"languages":{"fi":{"title":true,"content":true,"excerpt":false},"en":{"title":false,"content":false,"excerpt":false}}},"_links":{"self":[{"href":"https:\/\/old.ecopal.fi\/en\/wp-json\/wp\/v2\/pages\/995"}],"collection":[{"href":"https:\/\/old.ecopal.fi\/en\/wp-json\/wp\/v2\/pages"}],"about":[{"href":"https:\/\/old.ecopal.fi\/en\/wp-json\/wp\/v2\/types\/page"}],"author":[{"embeddable":true,"href":"https:\/\/old.ecopal.fi\/en\/wp-json\/wp\/v2\/users\/1"}],"replies":[{"embeddable":true,"href":"https:\/\/old.ecopal.fi\/en\/wp-json\/wp\/v2\/comments?post=995"}],"version-history":[{"count":12,"href":"https:\/\/old.ecopal.fi\/en\/wp-json\/wp\/v2\/pages\/995\/revisions"}],"predecessor-version":[{"id":1215,"href":"https:\/\/old.ecopal.fi\/en\/wp-json\/wp\/v2\/pages\/995\/revisions\/1215"}],"wp:attachment":[{"href":"https:\/\/old.ecopal.fi\/en\/wp-json\/wp\/v2\/media?parent=995"}],"curies":[{"name":"wp","href":"https:\/\/api.w.org\/{rel}","templated":true}]}}