{"id":1126,"date":"2019-02-05T13:33:37","date_gmt":"2019-02-05T11:33:37","guid":{"rendered":"http:\/\/www.ecopal.fi\/?post_type=product&#038;p=1126"},"modified":"2022-01-25T12:32:32","modified_gmt":"2022-01-25T10:32:32","slug":"ecowec-r08-hybridivaihdin","status":"publish","type":"product","link":"https:\/\/old.ecopal.fi\/en\/tuote\/ecowec-r08-hybridivaihdin\/","title":{"rendered":"Ecowec R8 hybridivaihdin kiinteist\u00f6ihin"},"content":{"rendered":"<p style=\"text-align: center;\"><span style=\"color: #000000;\">Ecowec R8 tuottotaulukko<\/span><\/p>\n<p><img loading=\"lazy\" class=\"aligncenter wp-image-2365 size-full\" src=\"https:\/\/www.ecopal.fi\/wp-content\/uploads\/2019\/02\/r8_tuottotaulukko.png\" alt=\"\" width=\"915\" height=\"592\" srcset=\"https:\/\/old.ecopal.fi\/wp-content\/uploads\/2019\/02\/r8_tuottotaulukko.png 915w, https:\/\/old.ecopal.fi\/wp-content\/uploads\/2019\/02\/r8_tuottotaulukko-300x194.png 300w, https:\/\/old.ecopal.fi\/wp-content\/uploads\/2019\/02\/r8_tuottotaulukko-768x497.png 768w, https:\/\/old.ecopal.fi\/wp-content\/uploads\/2019\/02\/r8_tuottotaulukko-309x200.png 309w, https:\/\/old.ecopal.fi\/wp-content\/uploads\/2019\/02\/r8_tuottotaulukko-600x388.png 600w\" sizes=\"(max-width: 915px) 100vw, 915px\" \/><\/p>\n","protected":false},"excerpt":{"rendered":"<p><strong>Ecowec\u2122 R8.<\/strong> Hintaan lis\u00e4t\u00e4\u00e4n 24 % arvonlis\u00e4vero.<\/p>\n<p><strong>Ecowec\u2122 R8<\/strong> on suunniteltu saneerauskohteisiin, joissa on kapeita kulkuv\u00e4yli\u00e4. Se soveltuu isompiin rivitaloihin ja kerrostaloihin, joissa vedenkulutus on yli 3000 m\u00b3 vuodessa. Vaihtimeen integroitu l\u00e4mm\u00f6nvaihdin mahdollistaa mm. k\u00e4ytt\u00f6veden esil\u00e4mmityksen, aurinkol\u00e4mm\u00f6n hy\u00f6dynt\u00e4misen tai ilmastoinnin viilennyksen. L\u00e4mp\u00f6pumppukytkenn\u00e4ll\u00e4 Ecowec R8-hybridivaihtimen takaisinmaksuaika on noin 5-6 vuotta, kun kiinteist\u00f6n vedenkulutus on 5000 m\u00b3 vuodessa. Katso alta R8 tuottotaulukko.<\/p>\n<p>Kytkent\u00e4suositus: Paineellinen j\u00e4teveden ohjaus vaihtimeen j\u00e4tevesipumppaamolla ja kytkent\u00e4\u00a0 l\u00e4mp\u00f6pumppuun. L\u00e4mm\u00f6ntalteenottoa voidaan tehostaa kytkem\u00e4ll\u00e4 useampia hybridivaihtimia sarjaan ja\/tai rinnan samaan j\u00e4rjestelm\u00e4\u00e4n.<\/p>\n<p>Mitat: Leveys 800 mm, Korkeus 2000 \u2013 2100 mm, Paino 400 kg (tyhj\u00e4), 1200 kg (k\u00e4yt\u00f6ss\u00e4)<\/p>\n<p>Sovellusalueet: j\u00e4tevedet, h\u00f6yryt, lauhdenesteet, merivesi, prosessinesteet<\/p>\n<p>Paineluokka: PN4<\/p>\n<p><a href=\"https:\/\/www.ecopal.fi\/wp-content\/uploads\/2020\/10\/Ecowec-R8-paamittakuva.pdf\">Tuotemittakuva (PDF)<\/a> |<a href=\"http:\/\/www.ecopal.fi\/wp-content\/uploads\/2019\/03\/R08_tuottotaulukko.pdf\">R8 tuottotaulukko (PDF)<\/a><\/p>\n","protected":false},"featured_media":6455,"template":"","meta":[],"translation":{"provider":"WPGlobus","version":"2.6.0","language":"en","enabled_languages":["fi","en"],"languages":{"fi":{"title":true,"content":true,"excerpt":true},"en":{"title":false,"content":false,"excerpt":false}}},"_links":{"self":[{"href":"https:\/\/old.ecopal.fi\/en\/wp-json\/wp\/v2\/product\/1126"}],"collection":[{"href":"https:\/\/old.ecopal.fi\/en\/wp-json\/wp\/v2\/product"}],"about":[{"href":"https:\/\/old.ecopal.fi\/en\/wp-json\/wp\/v2\/types\/product"}],"wp:featuredmedia":[{"embeddable":true,"href":"https:\/\/old.ecopal.fi\/en\/wp-json\/wp\/v2\/media\/6455"}],"wp:attachment":[{"href":"https:\/\/old.ecopal.fi\/en\/wp-json\/wp\/v2\/media?parent=1126"}],"curies":[{"name":"wp","href":"https:\/\/api.w.org\/{rel}","templated":true}]}}