{"id":1155,"date":"2019-02-13T10:46:30","date_gmt":"2019-02-13T08:46:30","guid":{"rendered":"http:\/\/www.ecopal.fi\/?post_type=product&#038;p=1155"},"modified":"2022-01-25T12:34:40","modified_gmt":"2022-01-25T10:34:40","slug":"ecowec-pr10","status":"publish","type":"product","link":"https:\/\/old.ecopal.fi\/en\/tuote\/ecowec-pr10\/","title":{"rendered":"Ecowec XF10 HST teollisuusvaihdin"},"content":{"rendered":"","protected":false},"excerpt":{"rendered":"<p><strong>Ecowec XF10 HST<\/strong> on erikoisvahvistettu vastavirtaperiaatteella toimiva l\u00e4mm\u00f6nvaihdin teollisuuden prosessinesteiden l\u00e4mm\u00f6n talteenottoon.\u00a0 Ensi\u00f6- ja toisionesteen maksimivirtaamat 100 l\/s, l\u00e4mm\u00f6nkesto 100 C. Hintaan lis\u00e4t\u00e4\u00e4n 24 % arvonlis\u00e4vero.<\/p>\n<p>Ota yhteytt\u00e4 ja kysy lis\u00e4\u00e4.<\/p>\n<p><a href=\"https:\/\/www.ecopal.fi\/wp-content\/uploads\/2020\/11\/Ecowec-PR10_paamittakuva.pdf\">Ecowec XF10 HST mittakuva (PDF)<\/a><\/p>\n","protected":false},"featured_media":6453,"template":"","meta":[],"translation":{"provider":"WPGlobus","version":"2.6.0","language":"en","enabled_languages":["fi","en"],"languages":{"fi":{"title":true,"content":false,"excerpt":true},"en":{"title":false,"content":false,"excerpt":false}}},"_links":{"self":[{"href":"https:\/\/old.ecopal.fi\/en\/wp-json\/wp\/v2\/product\/1155"}],"collection":[{"href":"https:\/\/old.ecopal.fi\/en\/wp-json\/wp\/v2\/product"}],"about":[{"href":"https:\/\/old.ecopal.fi\/en\/wp-json\/wp\/v2\/types\/product"}],"wp:featuredmedia":[{"embeddable":true,"href":"https:\/\/old.ecopal.fi\/en\/wp-json\/wp\/v2\/media\/6453"}],"wp:attachment":[{"href":"https:\/\/old.ecopal.fi\/en\/wp-json\/wp\/v2\/media?parent=1155"}],"curies":[{"name":"wp","href":"https:\/\/api.w.org\/{rel}","templated":true}]}}