{"id":1156,"date":"2019-02-13T10:49:19","date_gmt":"2019-02-13T08:49:19","guid":{"rendered":"http:\/\/www.ecopal.fi\/?post_type=product&#038;p=1156"},"modified":"2022-01-25T12:30:06","modified_gmt":"2022-01-25T10:30:06","slug":"ecowec-xr10-hst-hybridivaihdin","status":"publish","type":"product","link":"https:\/\/old.ecopal.fi\/en\/tuote\/ecowec-xr10-hst-hybridivaihdin\/","title":{"rendered":"Ecowec XB10 HST teollisuusvaihdin"},"content":{"rendered":"","protected":false},"excerpt":{"rendered":"<p><strong>Ecowec\u2122 XB10 HST. <\/strong>Hintaan lis\u00e4t\u00e4\u00e4n 24 % arvonlis\u00e4vero.<\/p>\n<p><strong>Ecowec\u2122 XB10 HST <\/strong>on vahvistettu paineluokan PN6 hybridivaihdin. Se on suunniteltu teollisuuslaitoksiin, pesuloihin, sairaaloihin ja muihin kiinteist\u00f6ihin, jossa hukataan suuria m\u00e4\u00e4ri\u00e4 energiaa ottamatta niist\u00e4 l\u00e4mp\u00f6\u00e4 talteen.<\/p>\n<p>Ensi\u00f6- ja toisiopuolen maksimivirtaama 100 l\/s, virtaavien nesteiden maksimil\u00e4mp\u00f6tila 80 C.<\/p>\n<p>L\u00e4mp\u00f6pumppukytkenn\u00e4ll\u00e4 XB10-hybridivaihtimen takaisinmaksuaika on noin 6-7 vuotta, kun kiinteist\u00f6n vedenkulutus on 5000 m\u00b3 vuodessa. Katso alta R10 tuottotaulukko.<\/p>\n<p>Kytkent\u00e4suositus: Paineellinen j\u00e4teveden ohjaus vaihtimeen j\u00e4tevesipumppaamolla ja kytkent\u00e4\u00a0 l\u00e4mp\u00f6pumppuun. L\u00e4mm\u00f6ntalteenottoa voidaan tehostaa kytkem\u00e4ll\u00e4 useampia hybridivaihtimia sarjaan ja\/tai rinnan samaan j\u00e4rjestelm\u00e4\u00e4n.<\/p>\n<p>Mitat: Leveys 950 mm, Korkeus 2000 \u2013 2100 mm, Paino 500 kg (tyhj\u00e4), 1400 kg (k\u00e4yt\u00f6ss\u00e4)<\/p>\n<p>Sovellusalueet: j\u00e4tevedet, allasvedet, h\u00f6yryt, lauhdenesteet, prosessinesteet<\/p>\n<p>Paineluokka: PN6<\/p>\n<p><a href=\"https:\/\/www.ecopal.fi\/wp-content\/uploads\/2020\/11\/Ecowec-XB10-paamittakuva.pdf\">Tuotemittakuva (PDF)<\/a><\/p>\n","protected":false},"featured_media":6482,"template":"","meta":[],"translation":{"provider":"WPGlobus","version":"2.6.0","language":"en","enabled_languages":["fi","en"],"languages":{"fi":{"title":true,"content":false,"excerpt":true},"en":{"title":false,"content":false,"excerpt":false}}},"_links":{"self":[{"href":"https:\/\/old.ecopal.fi\/en\/wp-json\/wp\/v2\/product\/1156"}],"collection":[{"href":"https:\/\/old.ecopal.fi\/en\/wp-json\/wp\/v2\/product"}],"about":[{"href":"https:\/\/old.ecopal.fi\/en\/wp-json\/wp\/v2\/types\/product"}],"wp:featuredmedia":[{"embeddable":true,"href":"https:\/\/old.ecopal.fi\/en\/wp-json\/wp\/v2\/media\/6482"}],"wp:attachment":[{"href":"https:\/\/old.ecopal.fi\/en\/wp-json\/wp\/v2\/media?parent=1156"}],"curies":[{"name":"wp","href":"https:\/\/api.w.org\/{rel}","templated":true}]}}