{"id":6484,"date":"2020-03-24T14:46:37","date_gmt":"2020-03-24T12:46:37","guid":{"rendered":"https:\/\/www.ecopal.fi\/?post_type=product&#038;p=6484"},"modified":"2022-01-25T12:28:14","modified_gmt":"2022-01-25T10:28:14","slug":"ecowec-b10-hybridivaihdin-kiinteistoihin","status":"publish","type":"product","link":"https:\/\/old.ecopal.fi\/en\/tuote\/ecowec-b10-hybridivaihdin-kiinteistoihin\/","title":{"rendered":"Ecowec B10 hybridivaihdin kiinteist\u00f6ihin"},"content":{"rendered":"<p style=\"text-align: center;\"><span style=\"color: #000000;\">Ecowec B\/R10 tuottotaulukko<\/span><\/p>\n<p><img loading=\"lazy\" class=\"aligncenter wp-image-2366 size-full\" src=\"https:\/\/www.ecopal.fi\/wp-content\/uploads\/2019\/02\/r10_tuottotaulukko.png\" alt=\"\" width=\"915\" height=\"592\" srcset=\"https:\/\/old.ecopal.fi\/wp-content\/uploads\/2019\/02\/r10_tuottotaulukko.png 915w, https:\/\/old.ecopal.fi\/wp-content\/uploads\/2019\/02\/r10_tuottotaulukko-300x194.png 300w, https:\/\/old.ecopal.fi\/wp-content\/uploads\/2019\/02\/r10_tuottotaulukko-768x497.png 768w, https:\/\/old.ecopal.fi\/wp-content\/uploads\/2019\/02\/r10_tuottotaulukko-309x200.png 309w, https:\/\/old.ecopal.fi\/wp-content\/uploads\/2019\/02\/r10_tuottotaulukko-600x388.png 600w\" sizes=\"(max-width: 915px) 100vw, 915px\" \/><\/p>\n","protected":false},"excerpt":{"rendered":"<p><strong>Ecowec\u2122 B10.<\/strong> Hintaan lis\u00e4t\u00e4\u00e4n 24 % arvonlis\u00e4vero.<\/p>\n<p><strong>Ecowec\u2122 B10 <\/strong>on suunniteltu isoihin asuinrakennuksiin, hotelleihin, teollisuuslaitoksiin, pesuloihin, sairaaloihin ja muihin kiinteist\u00f6ihin, jossa hukataan suuria m\u00e4\u00e4ri\u00e4 energiaa ottamatta niist\u00e4 l\u00e4mp\u00f6\u00e4 talteen.<\/p>\n<p>L\u00e4mp\u00f6pumppukytkenn\u00e4ll\u00e4 Ecowec B10-hybridivaihtimen takaisinmaksuaika on noin 5-6 vuotta, kun kiinteist\u00f6n vedenkulutus on 5000 m\u00b3 vuodessa. Katso alta B\/R10 tuottotaulukko.<\/p>\n<p>Kytkent\u00e4suositus: Paineellinen j\u00e4teveden ohjaus vaihtimeen j\u00e4tevesipumppaamolla ja kytkent\u00e4\u00a0 l\u00e4mp\u00f6pumppuun. L\u00e4mm\u00f6ntalteenottoa voidaan tehostaa kytkem\u00e4ll\u00e4 useampia hybridivaihtimia sarjaan ja\/tai rinnan samaan j\u00e4rjestelm\u00e4\u00e4n.<\/p>\n<p>Mitat: Leveys 950 mm, Korkeus 1930 mm, Paino 400 kg (tyhj\u00e4), 1400 kg (k\u00e4yt\u00f6ss\u00e4)<\/p>\n<p>Sovellusalueet: j\u00e4tevedet, allasvedet, h\u00f6yryt, lauhdenesteet, prosessinesteet<\/p>\n<p>Paineluokka: PN4<\/p>\n<p><a href=\"https:\/\/www.ecopal.fi\/wp-content\/uploads\/2020\/10\/Ecowec-B10-paamittakuva.pdf\">Ecowec B10 p\u00e4\u00e4mittakuva (pdf)<\/a><\/p>\n","protected":false},"featured_media":6459,"template":"","meta":[],"translation":{"provider":"WPGlobus","version":"2.6.0","language":"en","enabled_languages":["fi","en"],"languages":{"fi":{"title":true,"content":true,"excerpt":true},"en":{"title":false,"content":false,"excerpt":false}}},"_links":{"self":[{"href":"https:\/\/old.ecopal.fi\/en\/wp-json\/wp\/v2\/product\/6484"}],"collection":[{"href":"https:\/\/old.ecopal.fi\/en\/wp-json\/wp\/v2\/product"}],"about":[{"href":"https:\/\/old.ecopal.fi\/en\/wp-json\/wp\/v2\/types\/product"}],"wp:featuredmedia":[{"embeddable":true,"href":"https:\/\/old.ecopal.fi\/en\/wp-json\/wp\/v2\/media\/6459"}],"wp:attachment":[{"href":"https:\/\/old.ecopal.fi\/en\/wp-json\/wp\/v2\/media?parent=6484"}],"curies":[{"name":"wp","href":"https:\/\/api.w.org\/{rel}","templated":true}]}}