{"id":6518,"date":"2020-03-27T10:48:40","date_gmt":"2020-03-27T08:48:40","guid":{"rendered":"https:\/\/www.ecopal.fi\/?post_type=product&#038;p=6518"},"modified":"2022-01-25T12:27:56","modified_gmt":"2022-01-25T10:27:56","slug":"ecowec-r10-hst-hybridivaihdin-uimahalleihin","status":"publish","type":"product","link":"https:\/\/old.ecopal.fi\/en\/tuote\/ecowec-r10-hst-hybridivaihdin-uimahalleihin\/","title":{"rendered":"Ecowec R10 HST kylpyl\u00e4vaihdin"},"content":{"rendered":"<p style=\"text-align: center;\"><span style=\"color: #000000;\">Ecowec R10 HST tuottotaulukko<\/span><\/p>\n<p><img loading=\"lazy\" class=\"aligncenter wp-image-1193 size-large\" src=\"https:\/\/www.ecopal.fi\/wp-content\/uploads\/2019\/02\/ecowec_kylpyl\u00e4-1024x640.jpg\" alt=\"\" width=\"1024\" height=\"640\" srcset=\"https:\/\/old.ecopal.fi\/wp-content\/uploads\/2019\/02\/ecowec_kylpyl\u00e4-1024x640.jpg 1024w, https:\/\/old.ecopal.fi\/wp-content\/uploads\/2019\/02\/ecowec_kylpyl\u00e4-300x188.jpg 300w, https:\/\/old.ecopal.fi\/wp-content\/uploads\/2019\/02\/ecowec_kylpyl\u00e4-768x480.jpg 768w, https:\/\/old.ecopal.fi\/wp-content\/uploads\/2019\/02\/ecowec_kylpyl\u00e4-320x200.jpg 320w, https:\/\/old.ecopal.fi\/wp-content\/uploads\/2019\/02\/ecowec_kylpyl\u00e4-640x400.jpg 640w, https:\/\/old.ecopal.fi\/wp-content\/uploads\/2019\/02\/ecowec_kylpyl\u00e4-600x375.jpg 600w, https:\/\/old.ecopal.fi\/wp-content\/uploads\/2019\/02\/ecowec_kylpyl\u00e4.jpg 1107w\" sizes=\"(max-width: 1024px) 100vw, 1024px\" \/><\/p>\n","protected":false},"excerpt":{"rendered":"<p><strong>Ecowec\u2122 R10 HST.<\/strong> Hintaan lis\u00e4t\u00e4\u00e4n 24 % arvonlis\u00e4vero.<\/p>\n<p><strong>Ecowec\u2122 R10 HST <\/strong>on suunniteltu uimahalleihin, kylpyl\u00f6ihin, pesuloihin, sairaaloihin, teollisuusprosesseihin ja muihin k\u00e4ytt\u00f6kohteisiin, joissa ter\u00e4kselt\u00e4 vaaditaan erikoiskest\u00e4vyytt\u00e4 hapettavien tai sy\u00f6vytt\u00e4vien aineiden johdosta. Ominaisuudet ovat samat kuin B10- ja R10-versiossa, mutta valmistusmateriaali on haponkest\u00e4v\u00e4\u00e4 ter\u00e4st\u00e4, joka on erikoisk\u00e4sitelty kest\u00e4vyyden ja k\u00e4ytt\u00f6i\u00e4n maksimoimiseksi. Vaihtimeen integroitu lis\u00e4l\u00e4mm\u00f6nvaihdin mahdollistaa mm. k\u00e4ytt\u00f6veden esil\u00e4mmityksen, aurinkol\u00e4mm\u00f6n hy\u00f6dynt\u00e4misen tai ilmastoinnin l\u00e4mm\u00f6n talteenoton tai viilennyksen samanaikaisesti j\u00e4teveden l\u00e4mm\u00f6n talteenoton kanssa. L\u00e4mp\u00f6pumppukytkenn\u00e4ll\u00e4 R10 HST-kylpyl\u00e4vaihtimen takaisinmaksuaika on noin 3-5 vuotta, kun kiinteist\u00f6n vedenkulutus on 10000 m\u00b3 vuodessa. Katso alta R10 HST -tuottotaulukko.<\/p>\n<p>Kytkent\u00e4suositus: Paineellinen j\u00e4teveden ohjaus vaihtimeen j\u00e4tevesipumppaamolla ja kytkent\u00e4\u00a0 l\u00e4mp\u00f6pumppuun. L\u00e4mm\u00f6ntalteenottoa voidaan tehostaa kytkem\u00e4ll\u00e4 useampia hybridivaihtimia sarjaan ja\/tai rinnan samaan j\u00e4rjestelm\u00e4\u00e4n.<\/p>\n<p>Mitat: Leveys 950 mm, Korkeus 2000 \u2013 2100 mm, Paino 500 kg (tyhj\u00e4), 1400 kg (k\u00e4yt\u00f6ss\u00e4)<\/p>\n<p>Sovellusalueet: j\u00e4tevedet, allasvedet, aurinko, ilmanvaihdon ja muut lauhdenesteet, prosessinesteet<\/p>\n<p>Paineluokka: PN4<\/p>\n<p><a href=\"https:\/\/www.ecopal.fi\/wp-content\/uploads\/2020\/11\/Ecowec-R10-HST-paamittakuva.pdf\">Tuotemittakuva (PDF)<\/a> | <a href=\"http:\/\/www.ecopal.fi\/wp-content\/uploads\/2019\/03\/R10_tuottotaulukko.pdf\">R10 HST tuottotaulukko (PDF)<\/a><\/p>\n","protected":false},"featured_media":6454,"template":"","meta":[],"translation":{"provider":"WPGlobus","version":"2.6.0","language":"en","enabled_languages":["fi","en"],"languages":{"fi":{"title":true,"content":true,"excerpt":true},"en":{"title":false,"content":false,"excerpt":false}}},"_links":{"self":[{"href":"https:\/\/old.ecopal.fi\/en\/wp-json\/wp\/v2\/product\/6518"}],"collection":[{"href":"https:\/\/old.ecopal.fi\/en\/wp-json\/wp\/v2\/product"}],"about":[{"href":"https:\/\/old.ecopal.fi\/en\/wp-json\/wp\/v2\/types\/product"}],"wp:featuredmedia":[{"embeddable":true,"href":"https:\/\/old.ecopal.fi\/en\/wp-json\/wp\/v2\/media\/6454"}],"wp:attachment":[{"href":"https:\/\/old.ecopal.fi\/en\/wp-json\/wp\/v2\/media?parent=6518"}],"curies":[{"name":"wp","href":"https:\/\/api.w.org\/{rel}","templated":true}]}}